{"id":64147,"date":"2025-07-24T07:16:09","date_gmt":"2025-07-24T04:16:09","guid":{"rendered":"https:\/\/cretansafari.gr\/?post_type=product&#038;p=64147"},"modified":"2026-02-20T20:26:30","modified_gmt":"2026-02-20T18:26:30","slug":"preveli-safari-tour","status":"publish","type":"product","link":"https:\/\/cretansafari.gr\/fr\/tours\/preveli\/preveli-safari-tour\/","title":{"rendered":"Preveli Safari Tour"},"content":{"rendered":"<p style=\"text-align: left;\">Rethymno Safari tour:<\/p>\n<p style=\"text-align: left;\">Une exp\u00e9rience unique commence avec pour seul objectif l'aventure et le plaisir. Dans un premier temps, nous traverserons le village de Giannoudi pour atteindre les Gorges de <strong>Prasses<\/strong>o\u00f9 nous aurons la chance de voir les vautours rares qui y habitent. Ensuite, direction <strong>Fragma Potamon<\/strong>, un barrage r\u00e9put\u00e9 pour sa beaut\u00e9 incomparable, en faisant ainsi le lieu parfait pour capturer des photos incroyables. Le village de <strong>Karines<\/strong> est renomm\u00e9 pour son hospitalit\u00e9 et ses traditions intemporelles. Notre prochain arr\u00eat est les <strong>Gorges de Kourtaliotis,<\/strong>, o\u00f9 nous pourrons admirer le c\u00f4t\u00e9 sauvage de la nature cr\u00e9toise. En continuant notre chemin, nous aurons l'occasion de nous arr\u00eater pour nager sur l'une des plages les plus belles et les plus propres du sud de la Cr\u00e8te, <strong>Preveli<\/strong> . Preveli est un endroit exotique avec une rivi\u00e8re et des paysages de r\u00eave offerts par la for\u00eat de palmiers. Apr\u00e8s avoir profit\u00e9 de la plage, nous nous arr\u00eaterons dans une <strong>taverne<\/strong> traditionnelle pour d\u00e9couvrir le meilleur de la cuisine cr\u00e9toise, accompagn\u00e9 d'un vin cr\u00e9tois pur et illimit\u00e9. Notre prochain arr\u00eat est le village historique de <strong>Spili<\/strong>, avec les c\u00e9l\u00e8bres fontaines \u00e0 t\u00eate de lion qui d\u00e9versent de l'eau froide de la montagne toute l'ann\u00e9e. Enfin, apr\u00e8s avoir visit\u00e9 de beaux villages, vous vous retrouverez aux <strong>Trois Monast\u00e8res<\/strong> , d'o\u00f9 la vue incroyable sur la ville de Rethymnon vous fascinera<\/p>\n<p style=\"text-align: left;\">Apr\u00e8s une journ\u00e9e riche en aventures, en culture et en merveilles naturelles, notre safari se terminera \u00e0 Rethymno, vous laissant avec des souvenirs \u00e0 ch\u00e9rir pour toute une vie.<\/p>\n<p style=\"text-align: left;\"><strong>Includes:<\/strong><\/p>\n<ul style=\"text-align: left;\">\n<li>Land Rover Defenders\/Discovery und Mercedes 4x4<\/li>\n<li>Prise en charge et retour \u00e0 votre h\u00f4tel<\/li>\n<li>D\u00e9jeuner complet avec Vin cr\u00e9tois<\/li>\n<li>Divertissement et Aventure<\/li>\n<\/ul>\n<p style=\"text-align: left;\">Dur\u00e9e : 09h00 \u2013 16h30<\/p>\n<hr \/>\n<p style=\"text-align: left;\"><strong>Points forts<\/strong><\/p>\n<ul>\n<li style=\"text-align: left;\">Gorge de Prasses \u2013 Arr\u00eat photo avec vautours<\/li>\n<li style=\"text-align: left;\">Barrage de Potamon \u2013 Arr\u00eat photo panoramique<\/li>\n<li style=\"text-align: left;\">Village \u2013 D\u00e9gustation de produits locaux &amp; temps libre<\/li>\n<li style=\"text-align: left;\">Gorge de Kourtaliotis \u2013 Arr\u00eat photo impressionnant<\/li>\n<li style=\"text-align: left;\">Plage de Preveli \u2013 1h30 de temps libre pour nager et explorer<\/li>\n<li style=\"text-align: left;\">Taverne \u2013 D\u00e9jeuner cr\u00e9tois traditionnel avec vin<\/li>\n<li style=\"text-align: left;\">Village de Spili \u2013 T\u00eates de lion c\u00e9l\u00e8bres, eau de source, artisanat local<\/li>\n<\/ul>","protected":false},"excerpt":{"rendered":"<p>Rethymno Safari tour: A unique experience begins with the sole purpose of adventure and fun. Initially, we will cross the village of Giannoudi to reach the Gorge of Prasses, where&hellip;<\/p>","protected":false},"featured_media":10076,"comment_status":"closed","ping_status":"closed","template":"","meta":{"_acf_changed":false,"_lmt_disableupdate":"no","_lmt_disable":""},"product_brand":[],"product_cat":[135],"product_tag":[141],"class_list":{"0":"post-64147","1":"product","2":"type-product","3":"status-publish","4":"has-post-thumbnail","6":"product_cat-preveli","7":"product_tag-simple","9":"first","10":"instock","11":"sold-individually","12":"shipping-taxable","13":"purchasable","14":"product-type-simple"},"acf":[],"yoast_head":"<!-- This site is optimized with the Yoast SEO plugin v26.0 - https:\/\/yoast.com\/wordpress\/plugins\/seo\/ -->\n<title>Preveli Safari Tour - Cretan Safari<\/title>\n<meta name=\"description\" content=\"Rethymno Safari tour:A unique experience begins with the sole purpose of adventure and fun. Initially, we will cross the village of Giannoudi to reach the Gorge of Prasses, where we have the chance to see the rare vultures that live there.\" \/>\n<meta name=\"robots\" content=\"index, follow, max-snippet:-1, max-image-preview:large, max-video-preview:-1\" \/>\n<link rel=\"canonical\" href=\"https:\/\/cretansafari.gr\/fr\/tours\/preveli\/preveli-safari-tour\/\" \/>\n<meta property=\"og:locale\" content=\"fr_FR\" \/>\n<meta property=\"og:type\" content=\"article\" \/>\n<meta property=\"og:title\" content=\"Preveli Safari Tour - Cretan Safari\" \/>\n<meta property=\"og:description\" content=\"Rethymno Safari tour:A unique experience begins with the sole purpose of adventure and fun. Initially, we will cross the village of Giannoudi to reach the Gorge of Prasses, where we have the chance to see the rare vultures that live there.\" \/>\n<meta property=\"og:url\" content=\"https:\/\/cretansafari.gr\/fr\/tours\/preveli\/preveli-safari-tour\/\" \/>\n<meta property=\"og:site_name\" content=\"Cretan Safari\" \/>\n<meta property=\"article:modified_time\" content=\"2026-02-20T18:26:30+00:00\" \/>\n<meta property=\"og:image\" content=\"https:\/\/cretansafari.gr\/wp-content\/uploads\/2023\/02\/rethymnon-tour.jpg\" \/>\n\t<meta property=\"og:image:width\" content=\"1200\" \/>\n\t<meta property=\"og:image:height\" content=\"1000\" \/>\n\t<meta property=\"og:image:type\" content=\"image\/jpeg\" \/>\n<meta name=\"twitter:card\" content=\"summary_large_image\" \/>\n<meta name=\"twitter:label1\" content=\"Dur\u00e9e de lecture estim\u00e9e\" \/>\n\t<meta name=\"twitter:data1\" content=\"2 minutes\" \/>\n<script type=\"application\/ld+json\" class=\"yoast-schema-graph\">{\"@context\":\"https:\/\/schema.org\",\"@graph\":[{\"@type\":\"WebPage\",\"@id\":\"https:\/\/cretansafari.gr\/tours\/preveli\/preveli-safari-tour\/\",\"url\":\"https:\/\/cretansafari.gr\/tours\/preveli\/preveli-safari-tour\/\",\"name\":\"Preveli Safari Tour - Cretan Safari\",\"isPartOf\":{\"@id\":\"https:\/\/cretansafari.gr\/#website\"},\"primaryImageOfPage\":{\"@id\":\"https:\/\/cretansafari.gr\/tours\/preveli\/preveli-safari-tour\/#primaryimage\"},\"image\":{\"@id\":\"https:\/\/cretansafari.gr\/tours\/preveli\/preveli-safari-tour\/#primaryimage\"},\"thumbnailUrl\":\"https:\/\/cretansafari.gr\/wp-content\/uploads\/2023\/02\/rethymnon-tour.jpg\",\"datePublished\":\"2025-07-24T04:16:09+00:00\",\"dateModified\":\"2026-02-20T18:26:30+00:00\",\"description\":\"Rethymno Safari tour:A unique experience begins with the sole purpose of adventure and fun. Initially, we will cross the village of Giannoudi to reach the Gorge of Prasses, where we have the chance to see the rare vultures that live there.\",\"breadcrumb\":{\"@id\":\"https:\/\/cretansafari.gr\/tours\/preveli\/preveli-safari-tour\/#breadcrumb\"},\"inLanguage\":\"fr-FR\",\"potentialAction\":[{\"@type\":\"ReadAction\",\"target\":[\"https:\/\/cretansafari.gr\/tours\/preveli\/preveli-safari-tour\/\"]}]},{\"@type\":\"ImageObject\",\"inLanguage\":\"fr-FR\",\"@id\":\"https:\/\/cretansafari.gr\/tours\/preveli\/preveli-safari-tour\/#primaryimage\",\"url\":\"https:\/\/cretansafari.gr\/wp-content\/uploads\/2023\/02\/rethymnon-tour.jpg\",\"contentUrl\":\"https:\/\/cretansafari.gr\/wp-content\/uploads\/2023\/02\/rethymnon-tour.jpg\",\"width\":1200,\"height\":1000,\"caption\":\"rethymnon tour\"},{\"@type\":\"BreadcrumbList\",\"@id\":\"https:\/\/cretansafari.gr\/tours\/preveli\/preveli-safari-tour\/#breadcrumb\",\"itemListElement\":[{\"@type\":\"ListItem\",\"position\":1,\"name\":\"Home\",\"item\":\"https:\/\/cretansafari.gr\/\"},{\"@type\":\"ListItem\",\"position\":2,\"name\":\"Tours\",\"item\":\"https:\/\/cretansafari.gr\/tours\/\"},{\"@type\":\"ListItem\",\"position\":3,\"name\":\"Preveli Safari Tour\"}]},{\"@type\":\"WebSite\",\"@id\":\"https:\/\/cretansafari.gr\/#website\",\"url\":\"https:\/\/cretansafari.gr\/\",\"name\":\"Cretan Safari\",\"description\":\"Land Rover Experience Rethymnon\",\"publisher\":{\"@id\":\"https:\/\/cretansafari.gr\/#organization\"},\"potentialAction\":[{\"@type\":\"SearchAction\",\"target\":{\"@type\":\"EntryPoint\",\"urlTemplate\":\"https:\/\/cretansafari.gr\/?s={search_term_string}\"},\"query-input\":{\"@type\":\"PropertyValueSpecification\",\"valueRequired\":true,\"valueName\":\"search_term_string\"}}],\"inLanguage\":\"fr-FR\"},{\"@type\":\"Organization\",\"@id\":\"https:\/\/cretansafari.gr\/#organization\",\"name\":\"Cretan Safari\",\"url\":\"https:\/\/cretansafari.gr\/\",\"logo\":{\"@type\":\"ImageObject\",\"inLanguage\":\"fr-FR\",\"@id\":\"https:\/\/cretansafari.gr\/#\/schema\/logo\/image\/\",\"url\":\"https:\/\/cretansafari.gr\/wp-content\/uploads\/2021\/09\/Logocretansafari260.png\",\"contentUrl\":\"https:\/\/cretansafari.gr\/wp-content\/uploads\/2021\/09\/Logocretansafari260.png\",\"width\":301,\"height\":123,\"caption\":\"Cretan Safari\"},\"image\":{\"@id\":\"https:\/\/cretansafari.gr\/#\/schema\/logo\/image\/\"}}]}<\/script>\n<!-- \/ Yoast SEO plugin. -->","yoast_head_json":{"title":"Preveli Safari Tour - Cretan Safari","description":"Rethymno Safari tour:A unique experience begins with the sole purpose of adventure and fun. Initially, we will cross the village of Giannoudi to reach the Gorge of Prasses, where we have the chance to see the rare vultures that live there.","robots":{"index":"index","follow":"follow","max-snippet":"max-snippet:-1","max-image-preview":"max-image-preview:large","max-video-preview":"max-video-preview:-1"},"canonical":"https:\/\/cretansafari.gr\/fr\/tours\/preveli\/preveli-safari-tour\/","og_locale":"fr_FR","og_type":"article","og_title":"Preveli Safari Tour - Cretan Safari","og_description":"Rethymno Safari tour:A unique experience begins with the sole purpose of adventure and fun. Initially, we will cross the village of Giannoudi to reach the Gorge of Prasses, where we have the chance to see the rare vultures that live there.","og_url":"https:\/\/cretansafari.gr\/fr\/tours\/preveli\/preveli-safari-tour\/","og_site_name":"Cretan Safari","article_modified_time":"2026-02-20T18:26:30+00:00","og_image":[{"width":1200,"height":1000,"url":"https:\/\/cretansafari.gr\/wp-content\/uploads\/2023\/02\/rethymnon-tour.jpg","type":"image\/jpeg"}],"twitter_card":"summary_large_image","twitter_misc":{"Dur\u00e9e de lecture estim\u00e9e":"2 minutes"},"schema":{"@context":"https:\/\/schema.org","@graph":[{"@type":"WebPage","@id":"https:\/\/cretansafari.gr\/tours\/preveli\/preveli-safari-tour\/","url":"https:\/\/cretansafari.gr\/tours\/preveli\/preveli-safari-tour\/","name":"Preveli Safari Tour - Cretan Safari","isPartOf":{"@id":"https:\/\/cretansafari.gr\/#website"},"primaryImageOfPage":{"@id":"https:\/\/cretansafari.gr\/tours\/preveli\/preveli-safari-tour\/#primaryimage"},"image":{"@id":"https:\/\/cretansafari.gr\/tours\/preveli\/preveli-safari-tour\/#primaryimage"},"thumbnailUrl":"https:\/\/cretansafari.gr\/wp-content\/uploads\/2023\/02\/rethymnon-tour.jpg","datePublished":"2025-07-24T04:16:09+00:00","dateModified":"2026-02-20T18:26:30+00:00","description":"Rethymno Safari tour:A unique experience begins with the sole purpose of adventure and fun. Initially, we will cross the village of Giannoudi to reach the Gorge of Prasses, where we have the chance to see the rare vultures that live there.","breadcrumb":{"@id":"https:\/\/cretansafari.gr\/tours\/preveli\/preveli-safari-tour\/#breadcrumb"},"inLanguage":"fr-FR","potentialAction":[{"@type":"ReadAction","target":["https:\/\/cretansafari.gr\/tours\/preveli\/preveli-safari-tour\/"]}]},{"@type":"ImageObject","inLanguage":"fr-FR","@id":"https:\/\/cretansafari.gr\/tours\/preveli\/preveli-safari-tour\/#primaryimage","url":"https:\/\/cretansafari.gr\/wp-content\/uploads\/2023\/02\/rethymnon-tour.jpg","contentUrl":"https:\/\/cretansafari.gr\/wp-content\/uploads\/2023\/02\/rethymnon-tour.jpg","width":1200,"height":1000,"caption":"rethymnon tour"},{"@type":"BreadcrumbList","@id":"https:\/\/cretansafari.gr\/tours\/preveli\/preveli-safari-tour\/#breadcrumb","itemListElement":[{"@type":"ListItem","position":1,"name":"Home","item":"https:\/\/cretansafari.gr\/"},{"@type":"ListItem","position":2,"name":"Tours","item":"https:\/\/cretansafari.gr\/tours\/"},{"@type":"ListItem","position":3,"name":"Preveli Safari Tour"}]},{"@type":"WebSite","@id":"https:\/\/cretansafari.gr\/#website","url":"https:\/\/cretansafari.gr\/","name":"Cretan Safari","description":"Land Rover Experience Rethymnon","publisher":{"@id":"https:\/\/cretansafari.gr\/#organization"},"potentialAction":[{"@type":"SearchAction","target":{"@type":"EntryPoint","urlTemplate":"https:\/\/cretansafari.gr\/?s={search_term_string}"},"query-input":{"@type":"PropertyValueSpecification","valueRequired":true,"valueName":"search_term_string"}}],"inLanguage":"fr-FR"},{"@type":"Organization","@id":"https:\/\/cretansafari.gr\/#organization","name":"Cretan Safari","url":"https:\/\/cretansafari.gr\/","logo":{"@type":"ImageObject","inLanguage":"fr-FR","@id":"https:\/\/cretansafari.gr\/#\/schema\/logo\/image\/","url":"https:\/\/cretansafari.gr\/wp-content\/uploads\/2021\/09\/Logocretansafari260.png","contentUrl":"https:\/\/cretansafari.gr\/wp-content\/uploads\/2021\/09\/Logocretansafari260.png","width":301,"height":123,"caption":"Cretan Safari"},"image":{"@id":"https:\/\/cretansafari.gr\/#\/schema\/logo\/image\/"}}]}},"_links":{"self":[{"href":"https:\/\/cretansafari.gr\/fr\/wp-json\/wp\/v2\/product\/64147","targetHints":{"allow":["GET"]}}],"collection":[{"href":"https:\/\/cretansafari.gr\/fr\/wp-json\/wp\/v2\/product"}],"about":[{"href":"https:\/\/cretansafari.gr\/fr\/wp-json\/wp\/v2\/types\/product"}],"replies":[{"embeddable":true,"href":"https:\/\/cretansafari.gr\/fr\/wp-json\/wp\/v2\/comments?post=64147"}],"version-history":[{"count":1,"href":"https:\/\/cretansafari.gr\/fr\/wp-json\/wp\/v2\/product\/64147\/revisions"}],"predecessor-version":[{"id":64739,"href":"https:\/\/cretansafari.gr\/fr\/wp-json\/wp\/v2\/product\/64147\/revisions\/64739"}],"wp:featuredmedia":[{"embeddable":true,"href":"https:\/\/cretansafari.gr\/fr\/wp-json\/wp\/v2\/media\/10076"}],"wp:attachment":[{"href":"https:\/\/cretansafari.gr\/fr\/wp-json\/wp\/v2\/media?parent=64147"}],"wp:term":[{"taxonomy":"product_brand","embeddable":true,"href":"https:\/\/cretansafari.gr\/fr\/wp-json\/wp\/v2\/product_brand?post=64147"},{"taxonomy":"product_cat","embeddable":true,"href":"https:\/\/cretansafari.gr\/fr\/wp-json\/wp\/v2\/product_cat?post=64147"},{"taxonomy":"product_tag","embeddable":true,"href":"https:\/\/cretansafari.gr\/fr\/wp-json\/wp\/v2\/product_tag?post=64147"}],"curies":[{"name":"wp","href":"https:\/\/api.w.org\/{rel}","templated":true}]}}