{"id":64145,"date":"2025-07-24T07:15:27","date_gmt":"2025-07-24T04:15:27","guid":{"rendered":"https:\/\/cretansafari.gr\/?post_type=product&#038;p=64145"},"modified":"2025-08-20T13:05:29","modified_gmt":"2025-08-20T10:05:29","slug":"sunset-safari-tour","status":"publish","type":"product","link":"https:\/\/cretansafari.gr\/fr\/tours\/sunset\/sunset-safari-tour\/","title":{"rendered":"Sunset  Safari Tour"},"content":{"rendered":"<p>Sunset Safari tour<\/p>\n<p>Rejoignez-nous pour une exp\u00e9rience inoubliable lors de notre Rethymno Sunset Safari, o\u00f9 des moments incroyables vous attendent. Explorez les paysages magnifiques de la Cr\u00e8te, des collines verdoyantes aux charmants villages, alors que nous vous emmenons dans une aventure pittoresque. Commen\u00e7ant par le charmant village v\u00e9nitien de <strong>Pikris<\/strong>, vivez la chaleur de l'hospitalit\u00e9 cr\u00e9toise et admirez la villa historique Claudio avec sa fascinante inscription latine. Ensuite, nous visitons le <strong>monast\u00e8re d'Arkadi<\/strong>, un tr\u00e9sor culturel \u00e0 l'architecture envo\u00fbtante m\u00ealant les styles v\u00e9nitien, byzantin et ottoman. Alors que nous montons vers les sommets montagneux, profitez de vues panoramiques sur le <strong>barrage de Potamon<\/strong>, suivi d'une pause relaxante avec un verre de vin, en admirant les couleurs vibrantes du <strong>coucher du soleil<\/strong>. Notre voyage se termine par un d\u00eener de style cr\u00e9tois traditionnel dans une <strong>taverne<\/strong>taverne charmante, nich\u00e9e pr\u00e8s d'une rivi\u00e8re et d'une ancienne \u00e9glise. Indulgez dans un festin d'entr\u00e9es et de plats principaux locaux, compl\u00e9t\u00e9 par du vin cr\u00e9tois illimit\u00e9. Ne manquez pas cette exp\u00e9rience inoubliable et rejoignez-nous pour<\/p>\n<p>un incroyable Safari au coucher du soleil \u00e0 Rethymno.<\/p>\n<p style=\"text-align: right;\"><strong>Le droit d'entr\u00e9e optionnel pour le monast\u00e8re d'Arkadi est de 4 euros.<\/strong><\/p>\n<p><strong>Includes:<\/strong><\/p>\n<ul>\n<li>\u2022\tLand Rover Defenders\/Discovery<\/li>\n<li>Prise en charge et retour \u00e0 votre h\u00f4tel<\/li>\n<li>\u2022\tD\u00eener complet avec Vin cr\u00e9tois<\/li>\n<li>Divertissement et Aventure<\/li>\n<\/ul>\n<p>Dauer: 17:30 - 22:30<\/p>\n<hr \/>\n<p><strong>Points forts<\/strong><\/p>\n<ul>\n<li>Village de Pikris \u2013 D\u00e9gustation de produits locaux, balade dans un village v\u00e9nitien, visite de la villa Claudio<\/li>\n<li>Monast\u00e8re d\u2019Arkadi \u2013 Site historique et culturel (optionnel)<\/li>\n<li>Barrage de Potamon \u2013 Arr\u00eat photo panoramique<\/li>\n<li>Point coucher de soleil \u2013 Vin p\u00e9tillant &amp; fruits avec vue<\/li>\n<li>Taverne \u2013 D\u00eener cr\u00e9tois traditionnel avec vin<\/li>\n<li>Route panoramique \u2013 Paysages dor\u00e9s au coucher du soleil<\/li>\n<\/ul>","protected":false},"excerpt":{"rendered":"<p>Sunset Safari tour Join us for an unforgettable experience on our Rethymno Sunset Safari , where amazing moments await. Explore the stunning landscapes of Crete, from rolling hills to charming&hellip;<\/p>","protected":false},"featured_media":64737,"comment_status":"closed","ping_status":"closed","template":"","meta":{"_acf_changed":false,"_lmt_disableupdate":"no","_lmt_disable":""},"product_brand":[],"product_cat":[136],"product_tag":[141],"class_list":{"0":"post-64145","1":"product","2":"type-product","3":"status-publish","4":"has-post-thumbnail","6":"product_cat-sunset","7":"product_tag-simple","9":"first","10":"instock","11":"sold-individually","12":"shipping-taxable","13":"purchasable","14":"product-type-simple"},"acf":[],"yoast_head":"<!-- This site is optimized with the Yoast SEO plugin v26.0 - https:\/\/yoast.com\/wordpress\/plugins\/seo\/ -->\n<title>Sunset Safari Tour - Cretan Safari<\/title>\n<meta name=\"description\" content=\"Sunset Safari tourJoin us for an unforgettable experience on our Rethymno Sunset Safari , where amazing moments await. Explore the stunning landscapes of Crete, from rolling hills to charming villages, as we take you on a scenic adventure.\" \/>\n<meta name=\"robots\" content=\"index, follow, max-snippet:-1, max-image-preview:large, max-video-preview:-1\" \/>\n<link rel=\"canonical\" href=\"https:\/\/cretansafari.gr\/fr\/tours\/sunset\/sunset-safari-tour\/\" \/>\n<meta property=\"og:locale\" content=\"fr_FR\" \/>\n<meta property=\"og:type\" content=\"article\" \/>\n<meta property=\"og:title\" content=\"Sunset Safari Tour - Cretan Safari\" \/>\n<meta property=\"og:description\" content=\"Sunset Safari tourJoin us for an unforgettable experience on our Rethymno Sunset Safari , where amazing moments await. Explore the stunning landscapes of Crete, from rolling hills to charming villages, as we take you on a scenic adventure.\" \/>\n<meta property=\"og:url\" content=\"https:\/\/cretansafari.gr\/fr\/tours\/sunset\/sunset-safari-tour\/\" \/>\n<meta property=\"og:site_name\" content=\"Cretan Safari\" \/>\n<meta property=\"article:modified_time\" content=\"2025-08-20T10:05:29+00:00\" \/>\n<meta property=\"og:image\" content=\"https:\/\/cretansafari.gr\/wp-content\/uploads\/2025\/07\/\u0391\u03bd\u03ce\u03bd\u03c5\u03bc\u03bf-\u03c3\u03c7\u03ad\u03b4\u03b9\u03bf-16-2.webp\" \/>\n\t<meta property=\"og:image:width\" content=\"2048\" \/>\n\t<meta property=\"og:image:height\" content=\"1536\" \/>\n\t<meta property=\"og:image:type\" content=\"image\/webp\" \/>\n<meta name=\"twitter:card\" content=\"summary_large_image\" \/>\n<meta name=\"twitter:label1\" content=\"Dur\u00e9e de lecture estim\u00e9e\" \/>\n\t<meta name=\"twitter:data1\" content=\"2 minutes\" \/>\n<script type=\"application\/ld+json\" class=\"yoast-schema-graph\">{\"@context\":\"https:\/\/schema.org\",\"@graph\":[{\"@type\":\"WebPage\",\"@id\":\"https:\/\/cretansafari.gr\/tours\/sunset\/sunset-safari-tour\/\",\"url\":\"https:\/\/cretansafari.gr\/tours\/sunset\/sunset-safari-tour\/\",\"name\":\"Sunset Safari Tour - Cretan Safari\",\"isPartOf\":{\"@id\":\"https:\/\/cretansafari.gr\/#website\"},\"primaryImageOfPage\":{\"@id\":\"https:\/\/cretansafari.gr\/tours\/sunset\/sunset-safari-tour\/#primaryimage\"},\"image\":{\"@id\":\"https:\/\/cretansafari.gr\/tours\/sunset\/sunset-safari-tour\/#primaryimage\"},\"thumbnailUrl\":\"https:\/\/cretansafari.gr\/wp-content\/uploads\/2025\/07\/\u0391\u03bd\u03ce\u03bd\u03c5\u03bc\u03bf-\u03c3\u03c7\u03ad\u03b4\u03b9\u03bf-16-2.webp\",\"datePublished\":\"2025-07-24T04:15:27+00:00\",\"dateModified\":\"2025-08-20T10:05:29+00:00\",\"description\":\"Sunset Safari tourJoin us for an unforgettable experience on our Rethymno Sunset Safari , where amazing moments await. Explore the stunning landscapes of Crete, from rolling hills to charming villages, as we take you on a scenic adventure.\",\"breadcrumb\":{\"@id\":\"https:\/\/cretansafari.gr\/tours\/sunset\/sunset-safari-tour\/#breadcrumb\"},\"inLanguage\":\"fr-FR\",\"potentialAction\":[{\"@type\":\"ReadAction\",\"target\":[\"https:\/\/cretansafari.gr\/tours\/sunset\/sunset-safari-tour\/\"]}]},{\"@type\":\"ImageObject\",\"inLanguage\":\"fr-FR\",\"@id\":\"https:\/\/cretansafari.gr\/tours\/sunset\/sunset-safari-tour\/#primaryimage\",\"url\":\"https:\/\/cretansafari.gr\/wp-content\/uploads\/2025\/07\/\u0391\u03bd\u03ce\u03bd\u03c5\u03bc\u03bf-\u03c3\u03c7\u03ad\u03b4\u03b9\u03bf-16-2.webp\",\"contentUrl\":\"https:\/\/cretansafari.gr\/wp-content\/uploads\/2025\/07\/\u0391\u03bd\u03ce\u03bd\u03c5\u03bc\u03bf-\u03c3\u03c7\u03ad\u03b4\u03b9\u03bf-16-2.webp\",\"width\":2048,\"height\":1536},{\"@type\":\"BreadcrumbList\",\"@id\":\"https:\/\/cretansafari.gr\/tours\/sunset\/sunset-safari-tour\/#breadcrumb\",\"itemListElement\":[{\"@type\":\"ListItem\",\"position\":1,\"name\":\"Home\",\"item\":\"https:\/\/cretansafari.gr\/\"},{\"@type\":\"ListItem\",\"position\":2,\"name\":\"Tours\",\"item\":\"https:\/\/cretansafari.gr\/tours\/\"},{\"@type\":\"ListItem\",\"position\":3,\"name\":\"Sunset Safari Tour\"}]},{\"@type\":\"WebSite\",\"@id\":\"https:\/\/cretansafari.gr\/#website\",\"url\":\"https:\/\/cretansafari.gr\/\",\"name\":\"Cretan Safari\",\"description\":\"Land Rover Experience Rethymnon\",\"publisher\":{\"@id\":\"https:\/\/cretansafari.gr\/#organization\"},\"potentialAction\":[{\"@type\":\"SearchAction\",\"target\":{\"@type\":\"EntryPoint\",\"urlTemplate\":\"https:\/\/cretansafari.gr\/?s={search_term_string}\"},\"query-input\":{\"@type\":\"PropertyValueSpecification\",\"valueRequired\":true,\"valueName\":\"search_term_string\"}}],\"inLanguage\":\"fr-FR\"},{\"@type\":\"Organization\",\"@id\":\"https:\/\/cretansafari.gr\/#organization\",\"name\":\"Cretan Safari\",\"url\":\"https:\/\/cretansafari.gr\/\",\"logo\":{\"@type\":\"ImageObject\",\"inLanguage\":\"fr-FR\",\"@id\":\"https:\/\/cretansafari.gr\/#\/schema\/logo\/image\/\",\"url\":\"https:\/\/cretansafari.gr\/wp-content\/uploads\/2021\/09\/Logocretansafari260.png\",\"contentUrl\":\"https:\/\/cretansafari.gr\/wp-content\/uploads\/2021\/09\/Logocretansafari260.png\",\"width\":301,\"height\":123,\"caption\":\"Cretan Safari\"},\"image\":{\"@id\":\"https:\/\/cretansafari.gr\/#\/schema\/logo\/image\/\"}}]}<\/script>\n<!-- \/ Yoast SEO plugin. -->","yoast_head_json":{"title":"Sunset Safari Tour - Cretan Safari","description":"Sunset Safari tourJoin us for an unforgettable experience on our Rethymno Sunset Safari , where amazing moments await. Explore the stunning landscapes of Crete, from rolling hills to charming villages, as we take you on a scenic adventure.","robots":{"index":"index","follow":"follow","max-snippet":"max-snippet:-1","max-image-preview":"max-image-preview:large","max-video-preview":"max-video-preview:-1"},"canonical":"https:\/\/cretansafari.gr\/fr\/tours\/sunset\/sunset-safari-tour\/","og_locale":"fr_FR","og_type":"article","og_title":"Sunset Safari Tour - Cretan Safari","og_description":"Sunset Safari tourJoin us for an unforgettable experience on our Rethymno Sunset Safari , where amazing moments await. Explore the stunning landscapes of Crete, from rolling hills to charming villages, as we take you on a scenic adventure.","og_url":"https:\/\/cretansafari.gr\/fr\/tours\/sunset\/sunset-safari-tour\/","og_site_name":"Cretan Safari","article_modified_time":"2025-08-20T10:05:29+00:00","og_image":[{"width":2048,"height":1536,"url":"https:\/\/cretansafari.gr\/wp-content\/uploads\/2025\/07\/\u0391\u03bd\u03ce\u03bd\u03c5\u03bc\u03bf-\u03c3\u03c7\u03ad\u03b4\u03b9\u03bf-16-2.webp","type":"image\/webp"}],"twitter_card":"summary_large_image","twitter_misc":{"Dur\u00e9e de lecture estim\u00e9e":"2 minutes"},"schema":{"@context":"https:\/\/schema.org","@graph":[{"@type":"WebPage","@id":"https:\/\/cretansafari.gr\/tours\/sunset\/sunset-safari-tour\/","url":"https:\/\/cretansafari.gr\/tours\/sunset\/sunset-safari-tour\/","name":"Sunset Safari Tour - Cretan Safari","isPartOf":{"@id":"https:\/\/cretansafari.gr\/#website"},"primaryImageOfPage":{"@id":"https:\/\/cretansafari.gr\/tours\/sunset\/sunset-safari-tour\/#primaryimage"},"image":{"@id":"https:\/\/cretansafari.gr\/tours\/sunset\/sunset-safari-tour\/#primaryimage"},"thumbnailUrl":"https:\/\/cretansafari.gr\/wp-content\/uploads\/2025\/07\/\u0391\u03bd\u03ce\u03bd\u03c5\u03bc\u03bf-\u03c3\u03c7\u03ad\u03b4\u03b9\u03bf-16-2.webp","datePublished":"2025-07-24T04:15:27+00:00","dateModified":"2025-08-20T10:05:29+00:00","description":"Sunset Safari tourJoin us for an unforgettable experience on our Rethymno Sunset Safari , where amazing moments await. Explore the stunning landscapes of Crete, from rolling hills to charming villages, as we take you on a scenic adventure.","breadcrumb":{"@id":"https:\/\/cretansafari.gr\/tours\/sunset\/sunset-safari-tour\/#breadcrumb"},"inLanguage":"fr-FR","potentialAction":[{"@type":"ReadAction","target":["https:\/\/cretansafari.gr\/tours\/sunset\/sunset-safari-tour\/"]}]},{"@type":"ImageObject","inLanguage":"fr-FR","@id":"https:\/\/cretansafari.gr\/tours\/sunset\/sunset-safari-tour\/#primaryimage","url":"https:\/\/cretansafari.gr\/wp-content\/uploads\/2025\/07\/\u0391\u03bd\u03ce\u03bd\u03c5\u03bc\u03bf-\u03c3\u03c7\u03ad\u03b4\u03b9\u03bf-16-2.webp","contentUrl":"https:\/\/cretansafari.gr\/wp-content\/uploads\/2025\/07\/\u0391\u03bd\u03ce\u03bd\u03c5\u03bc\u03bf-\u03c3\u03c7\u03ad\u03b4\u03b9\u03bf-16-2.webp","width":2048,"height":1536},{"@type":"BreadcrumbList","@id":"https:\/\/cretansafari.gr\/tours\/sunset\/sunset-safari-tour\/#breadcrumb","itemListElement":[{"@type":"ListItem","position":1,"name":"Home","item":"https:\/\/cretansafari.gr\/"},{"@type":"ListItem","position":2,"name":"Tours","item":"https:\/\/cretansafari.gr\/tours\/"},{"@type":"ListItem","position":3,"name":"Sunset Safari Tour"}]},{"@type":"WebSite","@id":"https:\/\/cretansafari.gr\/#website","url":"https:\/\/cretansafari.gr\/","name":"Cretan Safari","description":"Land Rover Experience Rethymnon","publisher":{"@id":"https:\/\/cretansafari.gr\/#organization"},"potentialAction":[{"@type":"SearchAction","target":{"@type":"EntryPoint","urlTemplate":"https:\/\/cretansafari.gr\/?s={search_term_string}"},"query-input":{"@type":"PropertyValueSpecification","valueRequired":true,"valueName":"search_term_string"}}],"inLanguage":"fr-FR"},{"@type":"Organization","@id":"https:\/\/cretansafari.gr\/#organization","name":"Cretan Safari","url":"https:\/\/cretansafari.gr\/","logo":{"@type":"ImageObject","inLanguage":"fr-FR","@id":"https:\/\/cretansafari.gr\/#\/schema\/logo\/image\/","url":"https:\/\/cretansafari.gr\/wp-content\/uploads\/2021\/09\/Logocretansafari260.png","contentUrl":"https:\/\/cretansafari.gr\/wp-content\/uploads\/2021\/09\/Logocretansafari260.png","width":301,"height":123,"caption":"Cretan Safari"},"image":{"@id":"https:\/\/cretansafari.gr\/#\/schema\/logo\/image\/"}}]}},"_links":{"self":[{"href":"https:\/\/cretansafari.gr\/fr\/wp-json\/wp\/v2\/product\/64145","targetHints":{"allow":["GET"]}}],"collection":[{"href":"https:\/\/cretansafari.gr\/fr\/wp-json\/wp\/v2\/product"}],"about":[{"href":"https:\/\/cretansafari.gr\/fr\/wp-json\/wp\/v2\/types\/product"}],"replies":[{"embeddable":true,"href":"https:\/\/cretansafari.gr\/fr\/wp-json\/wp\/v2\/comments?post=64145"}],"version-history":[{"count":1,"href":"https:\/\/cretansafari.gr\/fr\/wp-json\/wp\/v2\/product\/64145\/revisions"}],"predecessor-version":[{"id":64738,"href":"https:\/\/cretansafari.gr\/fr\/wp-json\/wp\/v2\/product\/64145\/revisions\/64738"}],"wp:featuredmedia":[{"embeddable":true,"href":"https:\/\/cretansafari.gr\/fr\/wp-json\/wp\/v2\/media\/64737"}],"wp:attachment":[{"href":"https:\/\/cretansafari.gr\/fr\/wp-json\/wp\/v2\/media?parent=64145"}],"wp:term":[{"taxonomy":"product_brand","embeddable":true,"href":"https:\/\/cretansafari.gr\/fr\/wp-json\/wp\/v2\/product_brand?post=64145"},{"taxonomy":"product_cat","embeddable":true,"href":"https:\/\/cretansafari.gr\/fr\/wp-json\/wp\/v2\/product_cat?post=64145"},{"taxonomy":"product_tag","embeddable":true,"href":"https:\/\/cretansafari.gr\/fr\/wp-json\/wp\/v2\/product_tag?post=64145"}],"curies":[{"name":"wp","href":"https:\/\/api.w.org\/{rel}","templated":true}]}}