{"id":64143,"date":"2025-07-24T07:14:32","date_gmt":"2025-07-24T04:14:32","guid":{"rendered":"https:\/\/cretansafari.gr\/?post_type=product&#038;p=64143"},"modified":"2025-08-20T13:06:03","modified_gmt":"2025-08-20T10:06:03","slug":"psiloritis-safari-tour","status":"publish","type":"product","link":"https:\/\/cretansafari.gr\/fr\/tours\/psiloritis\/psiloritis-safari-tour\/","title":{"rendered":"Psiloritis Safari Tour"},"content":{"rendered":"<p>First, we will immerse ourselves in the authentic ambiance of a traditional Cretan village, experiencing the cherished customs and warm hospitality that define this charming community. Next, our journey will lead us to the breathtaking Psiloritis mountain, where you can capture mesmerizing views of Crete&#8217;s rugged terrain during a picturesque photo stop. Continuing on, we will visit the historic Arkadi Monastery, a symbol of Cretan resilience and a testament to the island&#8217;s rich cultural heritage. Afterward, we will pause at a scenic dam for a memorable photo opportunity, surrounded by the tranquil beauty of nature. Indulge in a delicious full lunch at a traditional taverna, savoring the delectable flavors of Cretan cuisine in a charming setting. Prepare to be captivated by the natural wonders of the Saint Antonios Gorge as we venture through its stunning landscapes and hidden treasures. Our final destination will be the picturesque village of Spili, where history and charm converge to create a memorable conclusion to our unforgettable journey. Join us on this excursion and let the beauty and culture of Crete unfold before your eyes.<\/p>\n<p style=\"text-align: right;\"><strong>Le droit d'entr\u00e9e optionnel pour le monast\u00e8re d'Arkadi est de 4 euros.<\/strong><\/p>\n<p><strong>Includes:<\/strong><\/p>\n<ul>\n<li>\u2022\tLand Rover Defenders\/Discovery<\/li>\n<li>Prise en charge et retour \u00e0 votre h\u00f4tel<\/li>\n<li>\u2022\tD\u00eener complet avec Vin cr\u00e9tois<\/li>\n<li>Divertissement et Aventure<\/li>\n<\/ul>\n<p>&nbsp;<\/p>\n<p>Dauer (09:00 \u2013 16:00)<\/p>\n<hr \/>\n<p><strong>Points forts<\/strong><\/p>\n<ul>\n<li>Village traditionnel \u2013 Ambiance authentique &amp; culture locale<\/li>\n<li>Mont Psiloritis \u2013 Arr\u00eat photo panoramique<\/li>\n<li>Monast\u00e8re d\u2019Arkadi \u2013 Symbole de la r\u00e9sistance cr\u00e9toise (optionnel)<\/li>\n<li>D\u00e9jeuner en taverne \u2013 Repas cr\u00e9tois complet<\/li>\n<li>Barrage \u2013 Nature paisible &amp; arr\u00eat photo<\/li>\n<li>Gorge de Saint-Antonios \u2013 Balade au c\u0153ur de la nature<\/li>\n<li>Village de Spili \u2013 T\u00eates de lion c\u00e9l\u00e8bres, eau de source, artisanat local<\/li>\n<\/ul>","protected":false},"excerpt":{"rendered":"<p>First, we will immerse ourselves in the authentic ambiance of a traditional Cretan village, experiencing the cherished customs and warm hospitality that define this charming community. Next, our journey will&hellip;<\/p>","protected":false},"featured_media":63838,"comment_status":"closed","ping_status":"closed","template":"","meta":{"_acf_changed":false,"_lmt_disableupdate":"no","_lmt_disable":""},"product_brand":[],"product_cat":[134],"product_tag":[141],"class_list":{"0":"post-64143","1":"product","2":"type-product","3":"status-publish","4":"has-post-thumbnail","6":"product_cat-psiloritis","7":"product_tag-simple","9":"first","10":"instock","11":"sold-individually","12":"shipping-taxable","13":"purchasable","14":"product-type-simple"},"acf":[],"yoast_head":"<!-- This site is optimized with the Yoast SEO plugin v26.0 - https:\/\/yoast.com\/wordpress\/plugins\/seo\/ -->\n<title>Psiloritis Safari Tour - Cretan Safari<\/title>\n<meta name=\"description\" content=\"Psiloritis Safari Tour, we will immerse ourselves in the authentic ambiance of a traditional Cretan village, experiencing the cherished customs and warm hospitality that define this charming community.\" \/>\n<meta name=\"robots\" content=\"index, follow, max-snippet:-1, max-image-preview:large, max-video-preview:-1\" \/>\n<link rel=\"canonical\" href=\"https:\/\/cretansafari.gr\/fr\/tours\/psiloritis\/psiloritis-safari-tour\/\" \/>\n<meta property=\"og:locale\" content=\"fr_FR\" \/>\n<meta property=\"og:type\" content=\"article\" \/>\n<meta property=\"og:title\" content=\"Psiloritis Safari Tour - Cretan Safari\" \/>\n<meta property=\"og:description\" content=\"Psiloritis Safari Tour, we will immerse ourselves in the authentic ambiance of a traditional Cretan village, experiencing the cherished customs and warm hospitality that define this charming community.\" \/>\n<meta property=\"og:url\" content=\"https:\/\/cretansafari.gr\/fr\/tours\/psiloritis\/psiloritis-safari-tour\/\" \/>\n<meta property=\"og:site_name\" content=\"Cretan Safari\" \/>\n<meta property=\"article:modified_time\" content=\"2025-08-20T10:06:03+00:00\" \/>\n<meta property=\"og:image\" content=\"https:\/\/cretansafari.gr\/wp-content\/uploads\/2025\/07\/\u0391\u03bd\u03ce\u03bd\u03c5\u03bc\u03bf-\u03c3\u03c7\u03ad\u03b4\u03b9\u03bf-21.jpg\" \/>\n\t<meta property=\"og:image:width\" content=\"2048\" \/>\n\t<meta property=\"og:image:height\" content=\"1536\" \/>\n\t<meta property=\"og:image:type\" content=\"image\/jpeg\" \/>\n<meta name=\"twitter:card\" content=\"summary_large_image\" \/>\n<meta name=\"twitter:label1\" content=\"Dur\u00e9e de lecture estim\u00e9e\" \/>\n\t<meta name=\"twitter:data1\" content=\"2 minutes\" \/>\n<script type=\"application\/ld+json\" class=\"yoast-schema-graph\">{\"@context\":\"https:\/\/schema.org\",\"@graph\":[{\"@type\":\"WebPage\",\"@id\":\"https:\/\/cretansafari.gr\/tours\/psiloritis\/psiloritis-safari-tour\/\",\"url\":\"https:\/\/cretansafari.gr\/tours\/psiloritis\/psiloritis-safari-tour\/\",\"name\":\"Psiloritis Safari Tour - Cretan Safari\",\"isPartOf\":{\"@id\":\"https:\/\/cretansafari.gr\/#website\"},\"primaryImageOfPage\":{\"@id\":\"https:\/\/cretansafari.gr\/tours\/psiloritis\/psiloritis-safari-tour\/#primaryimage\"},\"image\":{\"@id\":\"https:\/\/cretansafari.gr\/tours\/psiloritis\/psiloritis-safari-tour\/#primaryimage\"},\"thumbnailUrl\":\"https:\/\/cretansafari.gr\/wp-content\/uploads\/2025\/07\/\u0391\u03bd\u03ce\u03bd\u03c5\u03bc\u03bf-\u03c3\u03c7\u03ad\u03b4\u03b9\u03bf-21.jpg\",\"datePublished\":\"2025-07-24T04:14:32+00:00\",\"dateModified\":\"2025-08-20T10:06:03+00:00\",\"description\":\"Psiloritis Safari Tour, we will immerse ourselves in the authentic ambiance of a traditional Cretan village, experiencing the cherished customs and warm hospitality that define this charming community.\",\"breadcrumb\":{\"@id\":\"https:\/\/cretansafari.gr\/tours\/psiloritis\/psiloritis-safari-tour\/#breadcrumb\"},\"inLanguage\":\"fr-FR\",\"potentialAction\":[{\"@type\":\"ReadAction\",\"target\":[\"https:\/\/cretansafari.gr\/tours\/psiloritis\/psiloritis-safari-tour\/\"]}]},{\"@type\":\"ImageObject\",\"inLanguage\":\"fr-FR\",\"@id\":\"https:\/\/cretansafari.gr\/tours\/psiloritis\/psiloritis-safari-tour\/#primaryimage\",\"url\":\"https:\/\/cretansafari.gr\/wp-content\/uploads\/2025\/07\/\u0391\u03bd\u03ce\u03bd\u03c5\u03bc\u03bf-\u03c3\u03c7\u03ad\u03b4\u03b9\u03bf-21.jpg\",\"contentUrl\":\"https:\/\/cretansafari.gr\/wp-content\/uploads\/2025\/07\/\u0391\u03bd\u03ce\u03bd\u03c5\u03bc\u03bf-\u03c3\u03c7\u03ad\u03b4\u03b9\u03bf-21.jpg\",\"width\":2048,\"height\":1536,\"caption\":\"\u0391\u03bd\u03ce\u03bd\u03c5\u03bc\u03bf \u03c3\u03c7\u03ad\u03b4\u03b9\u03bf 21\"},{\"@type\":\"BreadcrumbList\",\"@id\":\"https:\/\/cretansafari.gr\/tours\/psiloritis\/psiloritis-safari-tour\/#breadcrumb\",\"itemListElement\":[{\"@type\":\"ListItem\",\"position\":1,\"name\":\"Home\",\"item\":\"https:\/\/cretansafari.gr\/\"},{\"@type\":\"ListItem\",\"position\":2,\"name\":\"Tours\",\"item\":\"https:\/\/cretansafari.gr\/tours\/\"},{\"@type\":\"ListItem\",\"position\":3,\"name\":\"Psiloritis Safari Tour\"}]},{\"@type\":\"WebSite\",\"@id\":\"https:\/\/cretansafari.gr\/#website\",\"url\":\"https:\/\/cretansafari.gr\/\",\"name\":\"Cretan Safari\",\"description\":\"Land Rover Experience Rethymnon\",\"publisher\":{\"@id\":\"https:\/\/cretansafari.gr\/#organization\"},\"potentialAction\":[{\"@type\":\"SearchAction\",\"target\":{\"@type\":\"EntryPoint\",\"urlTemplate\":\"https:\/\/cretansafari.gr\/?s={search_term_string}\"},\"query-input\":{\"@type\":\"PropertyValueSpecification\",\"valueRequired\":true,\"valueName\":\"search_term_string\"}}],\"inLanguage\":\"fr-FR\"},{\"@type\":\"Organization\",\"@id\":\"https:\/\/cretansafari.gr\/#organization\",\"name\":\"Cretan Safari\",\"url\":\"https:\/\/cretansafari.gr\/\",\"logo\":{\"@type\":\"ImageObject\",\"inLanguage\":\"fr-FR\",\"@id\":\"https:\/\/cretansafari.gr\/#\/schema\/logo\/image\/\",\"url\":\"https:\/\/cretansafari.gr\/wp-content\/uploads\/2021\/09\/Logocretansafari260.png\",\"contentUrl\":\"https:\/\/cretansafari.gr\/wp-content\/uploads\/2021\/09\/Logocretansafari260.png\",\"width\":301,\"height\":123,\"caption\":\"Cretan Safari\"},\"image\":{\"@id\":\"https:\/\/cretansafari.gr\/#\/schema\/logo\/image\/\"}}]}<\/script>\n<!-- \/ Yoast SEO plugin. -->","yoast_head_json":{"title":"Psiloritis Safari Tour - Cretan Safari","description":"Psiloritis Safari Tour, we will immerse ourselves in the authentic ambiance of a traditional Cretan village, experiencing the cherished customs and warm hospitality that define this charming community.","robots":{"index":"index","follow":"follow","max-snippet":"max-snippet:-1","max-image-preview":"max-image-preview:large","max-video-preview":"max-video-preview:-1"},"canonical":"https:\/\/cretansafari.gr\/fr\/tours\/psiloritis\/psiloritis-safari-tour\/","og_locale":"fr_FR","og_type":"article","og_title":"Psiloritis Safari Tour - Cretan Safari","og_description":"Psiloritis Safari Tour, we will immerse ourselves in the authentic ambiance of a traditional Cretan village, experiencing the cherished customs and warm hospitality that define this charming community.","og_url":"https:\/\/cretansafari.gr\/fr\/tours\/psiloritis\/psiloritis-safari-tour\/","og_site_name":"Cretan Safari","article_modified_time":"2025-08-20T10:06:03+00:00","og_image":[{"width":2048,"height":1536,"url":"https:\/\/cretansafari.gr\/wp-content\/uploads\/2025\/07\/\u0391\u03bd\u03ce\u03bd\u03c5\u03bc\u03bf-\u03c3\u03c7\u03ad\u03b4\u03b9\u03bf-21.jpg","type":"image\/jpeg"}],"twitter_card":"summary_large_image","twitter_misc":{"Dur\u00e9e de lecture estim\u00e9e":"2 minutes"},"schema":{"@context":"https:\/\/schema.org","@graph":[{"@type":"WebPage","@id":"https:\/\/cretansafari.gr\/tours\/psiloritis\/psiloritis-safari-tour\/","url":"https:\/\/cretansafari.gr\/tours\/psiloritis\/psiloritis-safari-tour\/","name":"Psiloritis Safari Tour - Cretan Safari","isPartOf":{"@id":"https:\/\/cretansafari.gr\/#website"},"primaryImageOfPage":{"@id":"https:\/\/cretansafari.gr\/tours\/psiloritis\/psiloritis-safari-tour\/#primaryimage"},"image":{"@id":"https:\/\/cretansafari.gr\/tours\/psiloritis\/psiloritis-safari-tour\/#primaryimage"},"thumbnailUrl":"https:\/\/cretansafari.gr\/wp-content\/uploads\/2025\/07\/\u0391\u03bd\u03ce\u03bd\u03c5\u03bc\u03bf-\u03c3\u03c7\u03ad\u03b4\u03b9\u03bf-21.jpg","datePublished":"2025-07-24T04:14:32+00:00","dateModified":"2025-08-20T10:06:03+00:00","description":"Psiloritis Safari Tour, we will immerse ourselves in the authentic ambiance of a traditional Cretan village, experiencing the cherished customs and warm hospitality that define this charming community.","breadcrumb":{"@id":"https:\/\/cretansafari.gr\/tours\/psiloritis\/psiloritis-safari-tour\/#breadcrumb"},"inLanguage":"fr-FR","potentialAction":[{"@type":"ReadAction","target":["https:\/\/cretansafari.gr\/tours\/psiloritis\/psiloritis-safari-tour\/"]}]},{"@type":"ImageObject","inLanguage":"fr-FR","@id":"https:\/\/cretansafari.gr\/tours\/psiloritis\/psiloritis-safari-tour\/#primaryimage","url":"https:\/\/cretansafari.gr\/wp-content\/uploads\/2025\/07\/\u0391\u03bd\u03ce\u03bd\u03c5\u03bc\u03bf-\u03c3\u03c7\u03ad\u03b4\u03b9\u03bf-21.jpg","contentUrl":"https:\/\/cretansafari.gr\/wp-content\/uploads\/2025\/07\/\u0391\u03bd\u03ce\u03bd\u03c5\u03bc\u03bf-\u03c3\u03c7\u03ad\u03b4\u03b9\u03bf-21.jpg","width":2048,"height":1536,"caption":"\u0391\u03bd\u03ce\u03bd\u03c5\u03bc\u03bf \u03c3\u03c7\u03ad\u03b4\u03b9\u03bf 21"},{"@type":"BreadcrumbList","@id":"https:\/\/cretansafari.gr\/tours\/psiloritis\/psiloritis-safari-tour\/#breadcrumb","itemListElement":[{"@type":"ListItem","position":1,"name":"Home","item":"https:\/\/cretansafari.gr\/"},{"@type":"ListItem","position":2,"name":"Tours","item":"https:\/\/cretansafari.gr\/tours\/"},{"@type":"ListItem","position":3,"name":"Psiloritis Safari Tour"}]},{"@type":"WebSite","@id":"https:\/\/cretansafari.gr\/#website","url":"https:\/\/cretansafari.gr\/","name":"Cretan Safari","description":"Land Rover Experience Rethymnon","publisher":{"@id":"https:\/\/cretansafari.gr\/#organization"},"potentialAction":[{"@type":"SearchAction","target":{"@type":"EntryPoint","urlTemplate":"https:\/\/cretansafari.gr\/?s={search_term_string}"},"query-input":{"@type":"PropertyValueSpecification","valueRequired":true,"valueName":"search_term_string"}}],"inLanguage":"fr-FR"},{"@type":"Organization","@id":"https:\/\/cretansafari.gr\/#organization","name":"Cretan Safari","url":"https:\/\/cretansafari.gr\/","logo":{"@type":"ImageObject","inLanguage":"fr-FR","@id":"https:\/\/cretansafari.gr\/#\/schema\/logo\/image\/","url":"https:\/\/cretansafari.gr\/wp-content\/uploads\/2021\/09\/Logocretansafari260.png","contentUrl":"https:\/\/cretansafari.gr\/wp-content\/uploads\/2021\/09\/Logocretansafari260.png","width":301,"height":123,"caption":"Cretan Safari"},"image":{"@id":"https:\/\/cretansafari.gr\/#\/schema\/logo\/image\/"}}]}},"_links":{"self":[{"href":"https:\/\/cretansafari.gr\/fr\/wp-json\/wp\/v2\/product\/64143","targetHints":{"allow":["GET"]}}],"collection":[{"href":"https:\/\/cretansafari.gr\/fr\/wp-json\/wp\/v2\/product"}],"about":[{"href":"https:\/\/cretansafari.gr\/fr\/wp-json\/wp\/v2\/types\/product"}],"replies":[{"embeddable":true,"href":"https:\/\/cretansafari.gr\/fr\/wp-json\/wp\/v2\/comments?post=64143"}],"version-history":[{"count":1,"href":"https:\/\/cretansafari.gr\/fr\/wp-json\/wp\/v2\/product\/64143\/revisions"}],"predecessor-version":[{"id":64740,"href":"https:\/\/cretansafari.gr\/fr\/wp-json\/wp\/v2\/product\/64143\/revisions\/64740"}],"wp:featuredmedia":[{"embeddable":true,"href":"https:\/\/cretansafari.gr\/fr\/wp-json\/wp\/v2\/media\/63838"}],"wp:attachment":[{"href":"https:\/\/cretansafari.gr\/fr\/wp-json\/wp\/v2\/media?parent=64143"}],"wp:term":[{"taxonomy":"product_brand","embeddable":true,"href":"https:\/\/cretansafari.gr\/fr\/wp-json\/wp\/v2\/product_brand?post=64143"},{"taxonomy":"product_cat","embeddable":true,"href":"https:\/\/cretansafari.gr\/fr\/wp-json\/wp\/v2\/product_cat?post=64143"},{"taxonomy":"product_tag","embeddable":true,"href":"https:\/\/cretansafari.gr\/fr\/wp-json\/wp\/v2\/product_tag?post=64143"}],"curies":[{"name":"wp","href":"https:\/\/api.w.org\/{rel}","templated":true}]}}