{"id":64140,"date":"2025-07-24T07:12:06","date_gmt":"2025-07-24T04:12:06","guid":{"rendered":"https:\/\/cretansafari.gr\/?post_type=product&#038;p=64140"},"modified":"2025-08-20T13:06:27","modified_gmt":"2025-08-20T10:06:27","slug":"tripiti-safari-tour","status":"publish","type":"product","link":"https:\/\/cretansafari.gr\/fr\/tours\/tripiti\/tripiti-safari-tour\/","title":{"rendered":"Tripiti Safari Tour"},"content":{"rendered":"<p>Notre aventure commence au lac de Zaros, o\u00f9 des eaux paisibles et des environs luxuriants cr\u00e9ent un cadre serein pour l'exploration et la d\u00e9tente. Ensuite, nous visiterons un kafenio pour d\u00e9guster des produits locaux, d\u00e9couvrant ainsi les saveurs authentiques et les traditions de la Cr\u00e8te. Capturez des vues imprenables sur la mer de Libye lors d'un arr\u00eat photo panoramique, offrant un aper\u00e7u \u00e9poustouflant des eaux cristallines et de l'horizon \u00e9tendu. Pour les amateurs de nature, une visite des Gorges de Tripiti vous attend, avec l'option d'une marche de 10 minutes au c\u0153ur de la beaut\u00e9 sauvage du paysage. Rafra\u00eechissez votre vitalit\u00e9 \u00e0 la plage de Tripiti, o\u00f9 vous pourrez profiter d'une baignade rafra\u00eechissante dans les eaux cristallines suivie d'un d\u00e9licieux d\u00e9jeuner complet accompagn\u00e9 d'un vin cr\u00e9tois exquis. D\u00e9couvrez le charme unique d'une \u00e9glise nich\u00e9e dans une grotte, offrant un aper\u00e7u de la signification spirituelle et historique de ce joyau cach\u00e9. Notre voyage se termine par une visite d'un village traditionnel, o\u00f9 vous pourrez vous immerger dans la culture locale, l'histoire et la chaleureuse hospitalit\u00e9 de la Cr\u00e8te. Rejoignez-nous pour cette excursion enrichissante afin de d\u00e9couvrir la magie des paysages, des saveurs et des traditions de la Cr\u00e8te. Pr\u00e9parez-vous pour une journ\u00e9e remplie de moments inoubliables et de souvenirs pr\u00e9cieux.<\/p>\n<p><strong>Includes:<\/strong><\/p>\n<ul>\n<li>Land Rover Defenders\/Discovery und Mercedes 4x4<\/li>\n<li>Prise en charge et retour \u00e0 votre h\u00f4tel<\/li>\n<li>D\u00e9jeuner complet avec Vin cr\u00e9tois<\/li>\n<li>Divertissement et Aventure<\/li>\n<\/ul>\n<p>Dauer (09:00 \u2013 16:00)<\/p>\n<hr \/>\n<p><strong>Points forts<\/strong><\/p>\n<ul>\n<li>Lac de Zaros \u2013 Lac paisible entour\u00e9 de verdure<\/li>\n<li>Kafenio traditionnel \u2013 D\u00e9gustation de produits locaux &amp; ambiance villageoise<\/li>\n<li>Vue sur la mer de Libye \u2013 Arr\u00eat photo panoramique<\/li>\n<li>Gorge de Tripiti \u2013 Balade nature de 10 min (optionnel)<\/li>\n<li>Plage de Tripiti \u2013 1h de baignade &amp; d\u00e9tente<\/li>\n<li>Taverne \u2013 D\u00e9jeuner complet avec vin cr\u00e9tois<\/li>\n<li>\u00c9glise dans la grotte \u2013 Lieu spirituel et historique unique<\/li>\n<li>Kloster Arkadi \u2013 Kulturelle Sehensw\u00fcrdigkeit (optional)<\/li>\n<li>Village \u2013 Culture locale, hospitalit\u00e9 &amp; traditions<\/li>\n<\/ul>","protected":false},"excerpt":{"rendered":"<p>Our adventure begins at the Lake of Zaros, where peaceful waters and lush surroundings create a serene setting for exploration and relaxation. Next, we&#8217;ll visit a kafenio to enjoy a&hellip;<\/p>","protected":false},"featured_media":63854,"comment_status":"closed","ping_status":"closed","template":"","meta":{"_acf_changed":false,"_lmt_disableupdate":"no","_lmt_disable":""},"product_brand":[],"product_cat":[137],"product_tag":[141],"class_list":{"0":"post-64140","1":"product","2":"type-product","3":"status-publish","4":"has-post-thumbnail","6":"product_cat-tripiti","7":"product_tag-simple","9":"first","10":"instock","11":"sold-individually","12":"shipping-taxable","13":"purchasable","14":"product-type-simple"},"acf":[],"yoast_head":"<!-- This site is optimized with the Yoast SEO plugin v26.0 - https:\/\/yoast.com\/wordpress\/plugins\/seo\/ -->\n<title>Tripiti Safari Tour - Cretan Safari<\/title>\n<meta name=\"description\" content=\"Our adventure begins at the Lake of Zaros, where peaceful waters and lush surroundings create a serene setting for exploration and relaxation. Next, we&#039;ll visit a kafenio to enjoy a tasting of local products, experiencing the authentic flavors and traditions of Crete\" \/>\n<meta name=\"robots\" content=\"index, follow, max-snippet:-1, max-image-preview:large, max-video-preview:-1\" \/>\n<link rel=\"canonical\" href=\"https:\/\/cretansafari.gr\/fr\/tours\/tripiti\/tripiti-safari-tour\/\" \/>\n<meta property=\"og:locale\" content=\"fr_FR\" \/>\n<meta property=\"og:type\" content=\"article\" \/>\n<meta property=\"og:title\" content=\"Tripiti Safari Tour - Cretan Safari\" \/>\n<meta property=\"og:description\" content=\"Our adventure begins at the Lake of Zaros, where peaceful waters and lush surroundings create a serene setting for exploration and relaxation. Next, we&#039;ll visit a kafenio to enjoy a tasting of local products, experiencing the authentic flavors and traditions of Crete\" \/>\n<meta property=\"og:url\" content=\"https:\/\/cretansafari.gr\/fr\/tours\/tripiti\/tripiti-safari-tour\/\" \/>\n<meta property=\"og:site_name\" content=\"Cretan Safari\" \/>\n<meta property=\"article:modified_time\" content=\"2025-08-20T10:06:27+00:00\" \/>\n<meta property=\"og:image\" content=\"https:\/\/cretansafari.gr\/wp-content\/uploads\/2025\/07\/fghfgt.jpg\" \/>\n\t<meta property=\"og:image:width\" content=\"2048\" \/>\n\t<meta property=\"og:image:height\" content=\"1536\" \/>\n\t<meta property=\"og:image:type\" content=\"image\/jpeg\" \/>\n<meta name=\"twitter:card\" content=\"summary_large_image\" \/>\n<meta name=\"twitter:label1\" content=\"Dur\u00e9e de lecture estim\u00e9e\" \/>\n\t<meta name=\"twitter:data1\" content=\"2 minutes\" \/>\n<script type=\"application\/ld+json\" class=\"yoast-schema-graph\">{\"@context\":\"https:\/\/schema.org\",\"@graph\":[{\"@type\":\"WebPage\",\"@id\":\"https:\/\/cretansafari.gr\/tours\/tripiti\/tripiti-safari-tour\/\",\"url\":\"https:\/\/cretansafari.gr\/tours\/tripiti\/tripiti-safari-tour\/\",\"name\":\"Tripiti Safari Tour - Cretan Safari\",\"isPartOf\":{\"@id\":\"https:\/\/cretansafari.gr\/#website\"},\"primaryImageOfPage\":{\"@id\":\"https:\/\/cretansafari.gr\/tours\/tripiti\/tripiti-safari-tour\/#primaryimage\"},\"image\":{\"@id\":\"https:\/\/cretansafari.gr\/tours\/tripiti\/tripiti-safari-tour\/#primaryimage\"},\"thumbnailUrl\":\"https:\/\/cretansafari.gr\/wp-content\/uploads\/2025\/07\/fghfgt.jpg\",\"datePublished\":\"2025-07-24T04:12:06+00:00\",\"dateModified\":\"2025-08-20T10:06:27+00:00\",\"description\":\"Our adventure begins at the Lake of Zaros, where peaceful waters and lush surroundings create a serene setting for exploration and relaxation. Next, we'll visit a kafenio to enjoy a tasting of local products, experiencing the authentic flavors and traditions of Crete\",\"breadcrumb\":{\"@id\":\"https:\/\/cretansafari.gr\/tours\/tripiti\/tripiti-safari-tour\/#breadcrumb\"},\"inLanguage\":\"fr-FR\",\"potentialAction\":[{\"@type\":\"ReadAction\",\"target\":[\"https:\/\/cretansafari.gr\/tours\/tripiti\/tripiti-safari-tour\/\"]}]},{\"@type\":\"ImageObject\",\"inLanguage\":\"fr-FR\",\"@id\":\"https:\/\/cretansafari.gr\/tours\/tripiti\/tripiti-safari-tour\/#primaryimage\",\"url\":\"https:\/\/cretansafari.gr\/wp-content\/uploads\/2025\/07\/fghfgt.jpg\",\"contentUrl\":\"https:\/\/cretansafari.gr\/wp-content\/uploads\/2025\/07\/fghfgt.jpg\",\"width\":2048,\"height\":1536,\"caption\":\"fghfgt\"},{\"@type\":\"BreadcrumbList\",\"@id\":\"https:\/\/cretansafari.gr\/tours\/tripiti\/tripiti-safari-tour\/#breadcrumb\",\"itemListElement\":[{\"@type\":\"ListItem\",\"position\":1,\"name\":\"Home\",\"item\":\"https:\/\/cretansafari.gr\/\"},{\"@type\":\"ListItem\",\"position\":2,\"name\":\"Tours\",\"item\":\"https:\/\/cretansafari.gr\/tours\/\"},{\"@type\":\"ListItem\",\"position\":3,\"name\":\"Tripiti Safari Tour\"}]},{\"@type\":\"WebSite\",\"@id\":\"https:\/\/cretansafari.gr\/#website\",\"url\":\"https:\/\/cretansafari.gr\/\",\"name\":\"Cretan Safari\",\"description\":\"Land Rover Experience Rethymnon\",\"publisher\":{\"@id\":\"https:\/\/cretansafari.gr\/#organization\"},\"potentialAction\":[{\"@type\":\"SearchAction\",\"target\":{\"@type\":\"EntryPoint\",\"urlTemplate\":\"https:\/\/cretansafari.gr\/?s={search_term_string}\"},\"query-input\":{\"@type\":\"PropertyValueSpecification\",\"valueRequired\":true,\"valueName\":\"search_term_string\"}}],\"inLanguage\":\"fr-FR\"},{\"@type\":\"Organization\",\"@id\":\"https:\/\/cretansafari.gr\/#organization\",\"name\":\"Cretan Safari\",\"url\":\"https:\/\/cretansafari.gr\/\",\"logo\":{\"@type\":\"ImageObject\",\"inLanguage\":\"fr-FR\",\"@id\":\"https:\/\/cretansafari.gr\/#\/schema\/logo\/image\/\",\"url\":\"https:\/\/cretansafari.gr\/wp-content\/uploads\/2021\/09\/Logocretansafari260.png\",\"contentUrl\":\"https:\/\/cretansafari.gr\/wp-content\/uploads\/2021\/09\/Logocretansafari260.png\",\"width\":301,\"height\":123,\"caption\":\"Cretan Safari\"},\"image\":{\"@id\":\"https:\/\/cretansafari.gr\/#\/schema\/logo\/image\/\"}}]}<\/script>\n<!-- \/ Yoast SEO plugin. -->","yoast_head_json":{"title":"Tripiti Safari Tour - Cretan Safari","description":"Our adventure begins at the Lake of Zaros, where peaceful waters and lush surroundings create a serene setting for exploration and relaxation. Next, we'll visit a kafenio to enjoy a tasting of local products, experiencing the authentic flavors and traditions of Crete","robots":{"index":"index","follow":"follow","max-snippet":"max-snippet:-1","max-image-preview":"max-image-preview:large","max-video-preview":"max-video-preview:-1"},"canonical":"https:\/\/cretansafari.gr\/fr\/tours\/tripiti\/tripiti-safari-tour\/","og_locale":"fr_FR","og_type":"article","og_title":"Tripiti Safari Tour - Cretan Safari","og_description":"Our adventure begins at the Lake of Zaros, where peaceful waters and lush surroundings create a serene setting for exploration and relaxation. Next, we'll visit a kafenio to enjoy a tasting of local products, experiencing the authentic flavors and traditions of Crete","og_url":"https:\/\/cretansafari.gr\/fr\/tours\/tripiti\/tripiti-safari-tour\/","og_site_name":"Cretan Safari","article_modified_time":"2025-08-20T10:06:27+00:00","og_image":[{"width":2048,"height":1536,"url":"https:\/\/cretansafari.gr\/wp-content\/uploads\/2025\/07\/fghfgt.jpg","type":"image\/jpeg"}],"twitter_card":"summary_large_image","twitter_misc":{"Dur\u00e9e de lecture estim\u00e9e":"2 minutes"},"schema":{"@context":"https:\/\/schema.org","@graph":[{"@type":"WebPage","@id":"https:\/\/cretansafari.gr\/tours\/tripiti\/tripiti-safari-tour\/","url":"https:\/\/cretansafari.gr\/tours\/tripiti\/tripiti-safari-tour\/","name":"Tripiti Safari Tour - Cretan Safari","isPartOf":{"@id":"https:\/\/cretansafari.gr\/#website"},"primaryImageOfPage":{"@id":"https:\/\/cretansafari.gr\/tours\/tripiti\/tripiti-safari-tour\/#primaryimage"},"image":{"@id":"https:\/\/cretansafari.gr\/tours\/tripiti\/tripiti-safari-tour\/#primaryimage"},"thumbnailUrl":"https:\/\/cretansafari.gr\/wp-content\/uploads\/2025\/07\/fghfgt.jpg","datePublished":"2025-07-24T04:12:06+00:00","dateModified":"2025-08-20T10:06:27+00:00","description":"Our adventure begins at the Lake of Zaros, where peaceful waters and lush surroundings create a serene setting for exploration and relaxation. Next, we'll visit a kafenio to enjoy a tasting of local products, experiencing the authentic flavors and traditions of Crete","breadcrumb":{"@id":"https:\/\/cretansafari.gr\/tours\/tripiti\/tripiti-safari-tour\/#breadcrumb"},"inLanguage":"fr-FR","potentialAction":[{"@type":"ReadAction","target":["https:\/\/cretansafari.gr\/tours\/tripiti\/tripiti-safari-tour\/"]}]},{"@type":"ImageObject","inLanguage":"fr-FR","@id":"https:\/\/cretansafari.gr\/tours\/tripiti\/tripiti-safari-tour\/#primaryimage","url":"https:\/\/cretansafari.gr\/wp-content\/uploads\/2025\/07\/fghfgt.jpg","contentUrl":"https:\/\/cretansafari.gr\/wp-content\/uploads\/2025\/07\/fghfgt.jpg","width":2048,"height":1536,"caption":"fghfgt"},{"@type":"BreadcrumbList","@id":"https:\/\/cretansafari.gr\/tours\/tripiti\/tripiti-safari-tour\/#breadcrumb","itemListElement":[{"@type":"ListItem","position":1,"name":"Home","item":"https:\/\/cretansafari.gr\/"},{"@type":"ListItem","position":2,"name":"Tours","item":"https:\/\/cretansafari.gr\/tours\/"},{"@type":"ListItem","position":3,"name":"Tripiti Safari Tour"}]},{"@type":"WebSite","@id":"https:\/\/cretansafari.gr\/#website","url":"https:\/\/cretansafari.gr\/","name":"Cretan Safari","description":"Land Rover Experience Rethymnon","publisher":{"@id":"https:\/\/cretansafari.gr\/#organization"},"potentialAction":[{"@type":"SearchAction","target":{"@type":"EntryPoint","urlTemplate":"https:\/\/cretansafari.gr\/?s={search_term_string}"},"query-input":{"@type":"PropertyValueSpecification","valueRequired":true,"valueName":"search_term_string"}}],"inLanguage":"fr-FR"},{"@type":"Organization","@id":"https:\/\/cretansafari.gr\/#organization","name":"Cretan Safari","url":"https:\/\/cretansafari.gr\/","logo":{"@type":"ImageObject","inLanguage":"fr-FR","@id":"https:\/\/cretansafari.gr\/#\/schema\/logo\/image\/","url":"https:\/\/cretansafari.gr\/wp-content\/uploads\/2021\/09\/Logocretansafari260.png","contentUrl":"https:\/\/cretansafari.gr\/wp-content\/uploads\/2021\/09\/Logocretansafari260.png","width":301,"height":123,"caption":"Cretan Safari"},"image":{"@id":"https:\/\/cretansafari.gr\/#\/schema\/logo\/image\/"}}]}},"_links":{"self":[{"href":"https:\/\/cretansafari.gr\/fr\/wp-json\/wp\/v2\/product\/64140","targetHints":{"allow":["GET"]}}],"collection":[{"href":"https:\/\/cretansafari.gr\/fr\/wp-json\/wp\/v2\/product"}],"about":[{"href":"https:\/\/cretansafari.gr\/fr\/wp-json\/wp\/v2\/types\/product"}],"replies":[{"embeddable":true,"href":"https:\/\/cretansafari.gr\/fr\/wp-json\/wp\/v2\/comments?post=64140"}],"version-history":[{"count":1,"href":"https:\/\/cretansafari.gr\/fr\/wp-json\/wp\/v2\/product\/64140\/revisions"}],"predecessor-version":[{"id":64741,"href":"https:\/\/cretansafari.gr\/fr\/wp-json\/wp\/v2\/product\/64140\/revisions\/64741"}],"wp:featuredmedia":[{"embeddable":true,"href":"https:\/\/cretansafari.gr\/fr\/wp-json\/wp\/v2\/media\/63854"}],"wp:attachment":[{"href":"https:\/\/cretansafari.gr\/fr\/wp-json\/wp\/v2\/media?parent=64140"}],"wp:term":[{"taxonomy":"product_brand","embeddable":true,"href":"https:\/\/cretansafari.gr\/fr\/wp-json\/wp\/v2\/product_brand?post=64140"},{"taxonomy":"product_cat","embeddable":true,"href":"https:\/\/cretansafari.gr\/fr\/wp-json\/wp\/v2\/product_cat?post=64140"},{"taxonomy":"product_tag","embeddable":true,"href":"https:\/\/cretansafari.gr\/fr\/wp-json\/wp\/v2\/product_tag?post=64140"}],"curies":[{"name":"wp","href":"https:\/\/api.w.org\/{rel}","templated":true}]}}