{"id":64468,"date":"2025-07-30T06:27:37","date_gmt":"2025-07-30T03:27:37","guid":{"rendered":"https:\/\/cretansafari.gr\/?page_id=64468"},"modified":"2025-08-11T18:11:14","modified_gmt":"2025-08-11T15:11:14","slug":"private-tours","status":"publish","type":"page","link":"https:\/\/cretansafari.gr\/fr\/private-tours\/","title":{"rendered":"Private Tours"},"content":{"rendered":"<div data-elementor-type=\"wp-page\" data-elementor-id=\"64468\" class=\"elementor elementor-64468\" data-elementor-post-type=\"page\">\n\t\t\t\t\t\t<section class=\"penci-section penci-dmcheck penci-elbg-activate penci-disSticky penci-structure-10 elementor-section elementor-top-section elementor-element elementor-element-37f3b519 elementor-section-full_width elementor-section-height-min-height elementor-section-height-default elementor-section-items-middle\" data-id=\"37f3b519\" data-element_type=\"section\" data-settings=\"{&quot;background_background&quot;:&quot;slideshow&quot;,&quot;background_slideshow_gallery&quot;:[{&quot;id&quot;:63559,&quot;url&quot;:&quot;https:\\\/\\\/cretansafari.gr\\\/wp-content\\\/uploads\\\/2025\\\/05\\\/compressed_image-1.jpg&quot;},{&quot;id&quot;:63567,&quot;url&quot;:&quot;https:\\\/\\\/cretansafari.gr\\\/wp-content\\\/uploads\\\/2025\\\/05\\\/\\u0391\\u03bd\\u03ce\\u03bd\\u03c5\\u03bc\\u03bf-\\u03c3\\u03c7\\u03ad\\u03b4\\u03b9\\u03bf-2.png&quot;}],&quot;background_slideshow_loop&quot;:&quot;yes&quot;,&quot;background_slideshow_slide_duration&quot;:5000,&quot;background_slideshow_slide_transition&quot;:&quot;fade&quot;,&quot;background_slideshow_transition_duration&quot;:500}\">\n\t\t\t\t\t\t<div class=\"elementor-container elementor-column-gap-default\">\n\t\t\t\t\t<div class=\"penci-ercol-100 penci-ercol-order-1 penci-sticky-ct    elementor-column elementor-col-100 elementor-top-column elementor-element elementor-element-723501e1\" data-id=\"723501e1\" data-element_type=\"column\">\n\t\t\t<div class=\"elementor-widget-wrap elementor-element-populated\">\n\t\t\t\t\t\t<div class=\"elementor-element elementor-element-29e59e7f elementor-absolute elementor-widget-mobile__width-initial elementor-widget elementor-widget-heading\" data-id=\"29e59e7f\" data-element_type=\"widget\" data-settings=\"{&quot;_position&quot;:&quot;absolute&quot;}\" data-widget_type=\"heading.default\">\n\t\t\t\t<div class=\"elementor-widget-container\">\n\t\t\t\t\t<h2 class=\"elementor-heading-title elementor-size-default\">EXPLOREZ LA SAUVAGE \nC\u00d4T\u00c9 DE CR\u00c8TE<\/h2>\t\t\t\t<\/div>\n\t\t\t\t<\/div>\n\t\t\t\t\t<\/div>\n\t\t<\/div>\n\t\t\t\t\t<\/div>\n\t\t<\/section>\n\t\t\t\t<section class=\"penci-section penci-disSticky penci-structure-10 elementor-section elementor-top-section elementor-element elementor-element-6400b889 elementor-section-full_width elementor-section-height-default elementor-section-height-default\" data-id=\"6400b889\" data-element_type=\"section\">\n\t\t\t\t\t\t<div class=\"elementor-container elementor-column-gap-no\">\n\t\t\t\t\t<div class=\"penci-ercol-100 penci-ercol-order-1 penci-sticky-ct    elementor-column elementor-col-100 elementor-top-column elementor-element elementor-element-295498e\" data-id=\"295498e\" data-element_type=\"column\">\n\t\t\t<div class=\"elementor-widget-wrap elementor-element-populated\">\n\t\t\t\t\t\t<div class=\"elementor-element elementor-element-a882bab elementor-widget-divider--view-line elementor-widget elementor-widget-divider\" data-id=\"a882bab\" data-element_type=\"widget\" data-widget_type=\"divider.default\">\n\t\t\t\t<div class=\"elementor-widget-container\">\n\t\t\t\t\t\t\t<div class=\"elementor-divider\">\n\t\t\t<span class=\"elementor-divider-separator\">\n\t\t\t\t\t\t<\/span>\n\t\t<\/div>\n\t\t\t\t\t\t<\/div>\n\t\t\t\t<\/div>\n\t\t\t\t\t<\/div>\n\t\t<\/div>\n\t\t\t\t\t<\/div>\n\t\t<\/section>\n\t\t\t\t<section class=\"penci-section penci-disSticky penci-structure-10 elementor-section elementor-top-section elementor-element elementor-element-4aec9809 elementor-section-full_width elementor-section-height-default elementor-section-height-default\" data-id=\"4aec9809\" data-element_type=\"section\">\n\t\t\t\t\t\t<div class=\"elementor-container elementor-column-gap-no\">\n\t\t\t\t\t<div class=\"penci-ercol-100 penci-ercol-order-1 penci-sticky-ct    elementor-column elementor-col-100 elementor-top-column elementor-element elementor-element-13342ac\" data-id=\"13342ac\" data-element_type=\"column\">\n\t\t\t<div class=\"elementor-widget-wrap elementor-element-populated\">\n\t\t\t\t\t\t<div class=\"elementor-element elementor-element-601502b6 elementor-widget-divider--view-line elementor-widget elementor-widget-divider\" data-id=\"601502b6\" data-element_type=\"widget\" data-widget_type=\"divider.default\">\n\t\t\t\t<div class=\"elementor-widget-container\">\n\t\t\t\t\t\t\t<div class=\"elementor-divider\">\n\t\t\t<span class=\"elementor-divider-separator\">\n\t\t\t\t\t\t<\/span>\n\t\t<\/div>\n\t\t\t\t\t\t<\/div>\n\t\t\t\t<\/div>\n\t\t\t\t\t<\/div>\n\t\t<\/div>\n\t\t\t\t\t<\/div>\n\t\t<\/section>\n\t\t\t\t<section class=\"penci-section penci-dmcheck penci-elbg-activate penci-disSticky penci-structure-10 elementor-section elementor-top-section elementor-element elementor-element-1d94b27a elementor-section-boxed elementor-section-height-default elementor-section-height-default\" data-id=\"1d94b27a\" data-element_type=\"section\" data-settings=\"{&quot;background_background&quot;:&quot;classic&quot;}\">\n\t\t\t\t\t\t<div class=\"elementor-container elementor-column-gap-default\">\n\t\t\t\t\t<div class=\"penci-ercol-100 penci-ercol-order-1 penci-sticky-ct  penci-dmcheck penci-elbg-activate  elementor-column elementor-col-100 elementor-top-column elementor-element elementor-element-40d5b53a\" data-id=\"40d5b53a\" data-element_type=\"column\" data-settings=\"{&quot;background_background&quot;:&quot;classic&quot;}\">\n\t\t\t<div class=\"elementor-widget-wrap elementor-element-populated\">\n\t\t\t\t\t\t<div class=\"elementor-element elementor-element-36fd3897 elementor-widget elementor-widget-heading\" data-id=\"36fd3897\" data-element_type=\"widget\" data-widget_type=\"heading.default\">\n\t\t\t\t<div class=\"elementor-widget-container\">\n\t\t\t\t\t<h1 class=\"elementor-heading-title elementor-size-medium\">Book your Private Safari today<\/h1>\t\t\t\t<\/div>\n\t\t\t\t<\/div>\n\t\t\t\t<div class=\"elementor-element elementor-element-7ab203b8 elementor-widget-divider--view-line elementor-widget elementor-widget-divider\" data-id=\"7ab203b8\" data-element_type=\"widget\" data-widget_type=\"divider.default\">\n\t\t\t\t<div class=\"elementor-widget-container\">\n\t\t\t\t\t\t\t<div class=\"elementor-divider\">\n\t\t\t<span class=\"elementor-divider-separator\">\n\t\t\t\t\t\t<\/span>\n\t\t<\/div>\n\t\t\t\t\t\t<\/div>\n\t\t\t\t<\/div>\n\t\t\t\t\t<\/div>\n\t\t<\/div>\n\t\t\t\t\t<\/div>\n\t\t<\/section>\n\t\t\t\t<section class=\"penci-section penci-disSticky penci-structure-10 elementor-section elementor-top-section elementor-element elementor-element-6c9a0dfb elementor-section-boxed elementor-section-height-default elementor-section-height-default\" data-id=\"6c9a0dfb\" data-element_type=\"section\">\n\t\t\t\t\t\t<div class=\"elementor-container elementor-column-gap-default\">\n\t\t\t\t\t<div class=\"penci-ercol-100 penci-ercol-order-1 penci-sticky-ct    elementor-column elementor-col-100 elementor-top-column elementor-element elementor-element-677dadf1\" data-id=\"677dadf1\" data-element_type=\"column\">\n\t\t\t<div class=\"elementor-widget-wrap elementor-element-populated\">\n\t\t\t\t\t\t<div class=\"elementor-element elementor-element-5ef5f216 elementor-widget-mobile__width-initial elementor-widget elementor-widget-penci_products\" data-id=\"5ef5f216\" data-element_type=\"widget\" data-widget_type=\"penci_products.default\">\n\t\t\t\t<div class=\"elementor-widget-container\">\n\t\t\t\t\t<div data-section=\"penci-products-795\" class=\"penci-custom-products penci-woo-page-container product-style-standard product-layout-grid woocommerce elementor-products products-default-section   penci-products-795\"><div class=\"penci-products-preloader\"><span class=\"penci-loading-icon\"><span class=\"bubble\"><\/span><span class=\"bubble\"><\/span><span class=\"bubble\"><\/span><\/span><\/div><ul  data-item=\"4\" data-columns=\"4\" class=\"product-standard icon-style-round icon-position-top-left icon-animation-move-right icon-align-vertical products mobile-columns-2 columns-4 penci-products-795-container\"><li class=\"normal-item product type-product post-64477 status-publish first instock product_cat-tripiti product_tag-private has-post-thumbnail sold-individually shipping-taxable purchasable product-type-simple penci-share-style-1 penci-share-icon-style-circle has-product-gallery\">\n    <div class=\"penci-soledad-product standard\">\n\t\t        <div class=\"penci-product-loop-inner-content\">\n\t\t\t<a class=\"penci-main-loop-image\" href=\"https:\/\/cretansafari.gr\/fr\/tours\/tripiti\/private-tripiti-safari-tour\/\"><img fetchpriority=\"high\" decoding=\"async\" width=\"1000\" height=\"1000\" src=\"https:\/\/cretansafari.gr\/wp-content\/uploads\/2025\/07\/fghfgt-1000x1000.webp\" class=\"attachment-woocommerce_thumbnail size-woocommerce_thumbnail\" alt=\"Private Tripiti Safari Tour\" srcset=\"https:\/\/cretansafari.gr\/wp-content\/uploads\/2025\/07\/fghfgt-1000x1000.webp 1000w, https:\/\/cretansafari.gr\/wp-content\/uploads\/2025\/07\/fghfgt-150x150.webp 150w, https:\/\/cretansafari.gr\/wp-content\/uploads\/2025\/07\/fghfgt-585x585.webp 585w, https:\/\/cretansafari.gr\/wp-content\/uploads\/2025\/07\/fghfgt-100x100.webp 100w\" sizes=\"(max-width: 1000px) 100vw, 1000px\" \/><\/a><h3 class=\"woocommerce-loop-product__title penci-loop-title\"><a href=\"https:\/\/cretansafari.gr\/fr\/tours\/tripiti\/private-tripiti-safari-tour\/\">Private Tripiti Safari Tour<\/a><\/h3>\n\t<span class=\"price\"><span class=\"woocommerce-Price-amount amount\"><bdi><span class=\"woocommerce-Price-currencySymbol\">&euro;<\/span>550.00<\/bdi><\/span><\/span>\n<a href=\"https:\/\/cretansafari.gr\/fr\/tours\/tripiti\/private-tripiti-safari-tour\/\" rel=\"nofollow\" data-product_id=\"64477\" data-product_sku=\"\" class=\"button product_type_simple\">View availability<\/a>        <\/div>\n\t\t    <\/div>\n<\/li>\n<li class=\"normal-item product type-product post-64473 status-publish instock product_cat-sunset product_tag-private has-post-thumbnail sold-individually shipping-taxable purchasable product-type-simple penci-share-style-1 penci-share-icon-style-circle has-product-gallery\">\n    <div class=\"penci-soledad-product standard\">\n\t\t        <div class=\"penci-product-loop-inner-content\">\n\t\t\t<a class=\"penci-main-loop-image\" href=\"https:\/\/cretansafari.gr\/fr\/tours\/sunset\/private-sunset-safari-tour\/\"><img decoding=\"async\" width=\"1000\" height=\"1000\" src=\"https:\/\/cretansafari.gr\/wp-content\/uploads\/2025\/07\/\u0391\u03bd\u03ce\u03bd\u03c5\u03bc\u03bf-\u03c3\u03c7\u03ad\u03b4\u03b9\u03bf-16-2-1000x1000.jpg\" class=\"attachment-woocommerce_thumbnail size-woocommerce_thumbnail\" alt=\"\u0391\u03bd\u03ce\u03bd\u03c5\u03bc\u03bf \u03c3\u03c7\u03ad\u03b4\u03b9\u03bf 16 2\" srcset=\"https:\/\/cretansafari.gr\/wp-content\/uploads\/2025\/07\/\u0391\u03bd\u03ce\u03bd\u03c5\u03bc\u03bf-\u03c3\u03c7\u03ad\u03b4\u03b9\u03bf-16-2-1000x1000.jpg 1000w, https:\/\/cretansafari.gr\/wp-content\/uploads\/2025\/07\/\u0391\u03bd\u03ce\u03bd\u03c5\u03bc\u03bf-\u03c3\u03c7\u03ad\u03b4\u03b9\u03bf-16-2-150x150.jpg 150w, https:\/\/cretansafari.gr\/wp-content\/uploads\/2025\/07\/\u0391\u03bd\u03ce\u03bd\u03c5\u03bc\u03bf-\u03c3\u03c7\u03ad\u03b4\u03b9\u03bf-16-2-585x585.jpg 585w, https:\/\/cretansafari.gr\/wp-content\/uploads\/2025\/07\/\u0391\u03bd\u03ce\u03bd\u03c5\u03bc\u03bf-\u03c3\u03c7\u03ad\u03b4\u03b9\u03bf-16-2-100x100.jpg 100w\" sizes=\"(max-width: 1000px) 100vw, 1000px\" \/><\/a><h3 class=\"woocommerce-loop-product__title penci-loop-title\"><a href=\"https:\/\/cretansafari.gr\/fr\/tours\/sunset\/private-sunset-safari-tour\/\">Private Sunset  Safari Tour<\/a><\/h3>\n\t<span class=\"price\"><span class=\"woocommerce-Price-amount amount\"><bdi><span class=\"woocommerce-Price-currencySymbol\">&euro;<\/span>495.00<\/bdi><\/span><\/span>\n<a href=\"https:\/\/cretansafari.gr\/fr\/tours\/sunset\/private-sunset-safari-tour\/\" rel=\"nofollow\" data-product_id=\"64473\" data-product_sku=\"\" class=\"button product_type_simple\">View availability<\/a>        <\/div>\n\t\t    <\/div>\n<\/li>\n<li class=\"normal-item product type-product post-64475 status-publish instock product_cat-psiloritis product_tag-private has-post-thumbnail sold-individually shipping-taxable purchasable product-type-simple penci-share-style-1 penci-share-icon-style-circle has-product-gallery\">\n    <div class=\"penci-soledad-product standard\">\n\t\t        <div class=\"penci-product-loop-inner-content\">\n\t\t\t<a class=\"penci-main-loop-image\" href=\"https:\/\/cretansafari.gr\/fr\/tours\/psiloritis\/private-psiloritis-safari-tour\/\"><img decoding=\"async\" width=\"1000\" height=\"1000\" src=\"https:\/\/cretansafari.gr\/wp-content\/uploads\/2025\/07\/\u0391\u03bd\u03ce\u03bd\u03c5\u03bc\u03bf-\u03c3\u03c7\u03ad\u03b4\u03b9\u03bf-21-1000x1000.jpg\" class=\"attachment-woocommerce_thumbnail size-woocommerce_thumbnail\" alt=\"\u0391\u03bd\u03ce\u03bd\u03c5\u03bc\u03bf \u03c3\u03c7\u03ad\u03b4\u03b9\u03bf 21\" srcset=\"https:\/\/cretansafari.gr\/wp-content\/uploads\/2025\/07\/\u0391\u03bd\u03ce\u03bd\u03c5\u03bc\u03bf-\u03c3\u03c7\u03ad\u03b4\u03b9\u03bf-21-1000x1000.jpg 1000w, https:\/\/cretansafari.gr\/wp-content\/uploads\/2025\/07\/\u0391\u03bd\u03ce\u03bd\u03c5\u03bc\u03bf-\u03c3\u03c7\u03ad\u03b4\u03b9\u03bf-21-100x100.jpg 100w, https:\/\/cretansafari.gr\/wp-content\/uploads\/2025\/07\/\u0391\u03bd\u03ce\u03bd\u03c5\u03bc\u03bf-\u03c3\u03c7\u03ad\u03b4\u03b9\u03bf-21-150x150.jpg 150w, https:\/\/cretansafari.gr\/wp-content\/uploads\/2025\/07\/\u0391\u03bd\u03ce\u03bd\u03c5\u03bc\u03bf-\u03c3\u03c7\u03ad\u03b4\u03b9\u03bf-21-585x585.jpg 585w\" sizes=\"(max-width: 1000px) 100vw, 1000px\" \/><\/a><h3 class=\"woocommerce-loop-product__title penci-loop-title\"><a href=\"https:\/\/cretansafari.gr\/fr\/tours\/psiloritis\/private-psiloritis-safari-tour\/\">Private Psiloritis Safari Tour<\/a><\/h3>\n\t<span class=\"price\"><span class=\"woocommerce-Price-amount amount\"><bdi><span class=\"woocommerce-Price-currencySymbol\">&euro;<\/span>550.00<\/bdi><\/span><\/span>\n<a href=\"https:\/\/cretansafari.gr\/fr\/tours\/psiloritis\/private-psiloritis-safari-tour\/\" rel=\"nofollow\" data-product_id=\"64475\" data-product_sku=\"\" class=\"button product_type_simple\">View availability<\/a>        <\/div>\n\t\t    <\/div>\n<\/li>\n<li class=\"normal-item product type-product post-64471 status-publish last instock product_cat-preveli product_tag-private has-post-thumbnail sold-individually shipping-taxable purchasable product-type-simple penci-share-style-1 penci-share-icon-style-circle has-product-gallery\">\n    <div class=\"penci-soledad-product standard\">\n\t\t        <div class=\"penci-product-loop-inner-content\">\n\t\t\t<a class=\"penci-main-loop-image\" href=\"https:\/\/cretansafari.gr\/fr\/tours\/preveli\/private-preveli-safari-tour\/\"><img loading=\"lazy\" decoding=\"async\" width=\"1000\" height=\"1000\" src=\"https:\/\/cretansafari.gr\/wp-content\/uploads\/2023\/02\/rethymnon-tour-1000x1000.jpg\" class=\"attachment-woocommerce_thumbnail size-woocommerce_thumbnail\" alt=\"rethymnon tour\" srcset=\"https:\/\/cretansafari.gr\/wp-content\/uploads\/2023\/02\/rethymnon-tour-1000x1000.jpg 1000w, https:\/\/cretansafari.gr\/wp-content\/uploads\/2023\/02\/rethymnon-tour-100x100.jpg 100w, https:\/\/cretansafari.gr\/wp-content\/uploads\/2023\/02\/rethymnon-tour-150x150.jpg 150w\" sizes=\"(max-width: 1000px) 100vw, 1000px\" \/><\/a><h3 class=\"woocommerce-loop-product__title penci-loop-title\"><a href=\"https:\/\/cretansafari.gr\/fr\/tours\/preveli\/private-preveli-safari-tour\/\">Private Preveli Safari Tour<\/a><\/h3>\n\t<span class=\"price\"><span class=\"woocommerce-Price-amount amount\"><bdi><span class=\"woocommerce-Price-currencySymbol\">&euro;<\/span>550.00<\/bdi><\/span><\/span>\n<a href=\"https:\/\/cretansafari.gr\/fr\/tours\/preveli\/private-preveli-safari-tour\/\" rel=\"nofollow\" data-product_id=\"64471\" data-product_sku=\"\" class=\"button product_type_simple\">View availability<\/a>        <\/div>\n\t\t    <\/div>\n<\/li>\n<\/ul>\n<div id=\"penci-load-products-default-section\" data-part=\"products-default-section\" class=\"page-unique-part\"><\/div><\/div>\t\t\t\t<\/div>\n\t\t\t\t<\/div>\n\t\t\t\t\t<\/div>\n\t\t<\/div>\n\t\t\t\t\t<\/div>\n\t\t<\/section>\n\t\t\t\t<\/div>","protected":false},"excerpt":{"rendered":"<p>EXPLORE THE WILD SIDE OF CRETE Book your Private Safari today New Private Preveli Safari Tour &euro;550.00 View availability New Private Sunset Safari Tour &euro;495.00 View availability New Private Psiloritis&hellip;<\/p>","protected":false},"author":8,"featured_media":0,"parent":0,"menu_order":90,"comment_status":"closed","ping_status":"closed","template":"elementor_header_footer","meta":{"_acf_changed":false,"_lmt_disableupdate":"","_lmt_disable":"","footnotes":""},"class_list":["post-64468","page","type-page","status-publish","hentry"],"acf":[],"yoast_head":"<!-- This site is optimized with the Yoast SEO plugin v26.0 - https:\/\/yoast.com\/wordpress\/plugins\/seo\/ -->\n<title>Private Tours - Cretan Safari<\/title>\n<meta name=\"robots\" content=\"index, follow, max-snippet:-1, max-image-preview:large, max-video-preview:-1\" \/>\n<link rel=\"canonical\" href=\"https:\/\/cretansafari.gr\/fr\/private-tours\/\" \/>\n<meta property=\"og:locale\" content=\"fr_FR\" \/>\n<meta property=\"og:type\" content=\"article\" \/>\n<meta property=\"og:title\" content=\"Private Tours - Cretan Safari\" \/>\n<meta property=\"og:description\" content=\"EXPLORE THE WILD SIDE OF CRETE Book your Private Safari today New Private Preveli Safari Tour &euro;550.00 View availability New Private Sunset Safari Tour &euro;495.00 View availability New Private Psiloritis&hellip;\" \/>\n<meta property=\"og:url\" content=\"https:\/\/cretansafari.gr\/fr\/private-tours\/\" \/>\n<meta property=\"og:site_name\" content=\"Cretan Safari\" \/>\n<meta property=\"article:modified_time\" content=\"2025-08-11T15:11:14+00:00\" \/>\n<meta property=\"og:image\" content=\"https:\/\/cretansafari.gr\/wp-content\/uploads\/2023\/02\/rethymnon-tour-1000x1000.jpg\" \/>\n<meta name=\"twitter:card\" content=\"summary_large_image\" \/>\n<meta name=\"twitter:label1\" content=\"Dur\u00e9e de lecture estim\u00e9e\" \/>\n\t<meta name=\"twitter:data1\" content=\"1 minute\" \/>\n<script type=\"application\/ld+json\" class=\"yoast-schema-graph\">{\"@context\":\"https:\/\/schema.org\",\"@graph\":[{\"@type\":\"WebPage\",\"@id\":\"https:\/\/cretansafari.gr\/private-tours\/\",\"url\":\"https:\/\/cretansafari.gr\/private-tours\/\",\"name\":\"Private Tours - Cretan Safari\",\"isPartOf\":{\"@id\":\"https:\/\/cretansafari.gr\/#website\"},\"primaryImageOfPage\":{\"@id\":\"https:\/\/cretansafari.gr\/private-tours\/#primaryimage\"},\"image\":{\"@id\":\"https:\/\/cretansafari.gr\/private-tours\/#primaryimage\"},\"thumbnailUrl\":\"https:\/\/cretansafari.gr\/wp-content\/uploads\/2023\/02\/rethymnon-tour-1000x1000.jpg\",\"datePublished\":\"2025-07-30T03:27:37+00:00\",\"dateModified\":\"2025-08-11T15:11:14+00:00\",\"breadcrumb\":{\"@id\":\"https:\/\/cretansafari.gr\/private-tours\/#breadcrumb\"},\"inLanguage\":\"fr-FR\",\"potentialAction\":[{\"@type\":\"ReadAction\",\"target\":[\"https:\/\/cretansafari.gr\/private-tours\/\"]}]},{\"@type\":\"ImageObject\",\"inLanguage\":\"fr-FR\",\"@id\":\"https:\/\/cretansafari.gr\/private-tours\/#primaryimage\",\"url\":\"https:\/\/cretansafari.gr\/wp-content\/uploads\/2023\/02\/rethymnon-tour-1000x1000.jpg\",\"contentUrl\":\"https:\/\/cretansafari.gr\/wp-content\/uploads\/2023\/02\/rethymnon-tour-1000x1000.jpg\"},{\"@type\":\"BreadcrumbList\",\"@id\":\"https:\/\/cretansafari.gr\/private-tours\/#breadcrumb\",\"itemListElement\":[{\"@type\":\"ListItem\",\"position\":1,\"name\":\"Home\",\"item\":\"https:\/\/cretansafari.gr\/\"},{\"@type\":\"ListItem\",\"position\":2,\"name\":\"Private Tours\"}]},{\"@type\":\"WebSite\",\"@id\":\"https:\/\/cretansafari.gr\/#website\",\"url\":\"https:\/\/cretansafari.gr\/\",\"name\":\"Cretan Safari\",\"description\":\"Land Rover Experience Rethymnon\",\"publisher\":{\"@id\":\"https:\/\/cretansafari.gr\/#organization\"},\"potentialAction\":[{\"@type\":\"SearchAction\",\"target\":{\"@type\":\"EntryPoint\",\"urlTemplate\":\"https:\/\/cretansafari.gr\/?s={search_term_string}\"},\"query-input\":{\"@type\":\"PropertyValueSpecification\",\"valueRequired\":true,\"valueName\":\"search_term_string\"}}],\"inLanguage\":\"fr-FR\"},{\"@type\":\"Organization\",\"@id\":\"https:\/\/cretansafari.gr\/#organization\",\"name\":\"Cretan Safari\",\"url\":\"https:\/\/cretansafari.gr\/\",\"logo\":{\"@type\":\"ImageObject\",\"inLanguage\":\"fr-FR\",\"@id\":\"https:\/\/cretansafari.gr\/#\/schema\/logo\/image\/\",\"url\":\"https:\/\/cretansafari.gr\/wp-content\/uploads\/2021\/09\/Logocretansafari260.png\",\"contentUrl\":\"https:\/\/cretansafari.gr\/wp-content\/uploads\/2021\/09\/Logocretansafari260.png\",\"width\":301,\"height\":123,\"caption\":\"Cretan Safari\"},\"image\":{\"@id\":\"https:\/\/cretansafari.gr\/#\/schema\/logo\/image\/\"}}]}<\/script>\n<!-- \/ Yoast SEO plugin. -->","yoast_head_json":{"title":"Private Tours - Cretan Safari","robots":{"index":"index","follow":"follow","max-snippet":"max-snippet:-1","max-image-preview":"max-image-preview:large","max-video-preview":"max-video-preview:-1"},"canonical":"https:\/\/cretansafari.gr\/fr\/private-tours\/","og_locale":"fr_FR","og_type":"article","og_title":"Private Tours - Cretan Safari","og_description":"EXPLORE THE WILD SIDE OF CRETE Book your Private Safari today New Private Preveli Safari Tour &euro;550.00 View availability New Private Sunset Safari Tour &euro;495.00 View availability New Private Psiloritis&hellip;","og_url":"https:\/\/cretansafari.gr\/fr\/private-tours\/","og_site_name":"Cretan Safari","article_modified_time":"2025-08-11T15:11:14+00:00","og_image":[{"url":"https:\/\/cretansafari.gr\/wp-content\/uploads\/2023\/02\/rethymnon-tour-1000x1000.jpg","type":"","width":"","height":""}],"twitter_card":"summary_large_image","twitter_misc":{"Dur\u00e9e de lecture estim\u00e9e":"1 minute"},"schema":{"@context":"https:\/\/schema.org","@graph":[{"@type":"WebPage","@id":"https:\/\/cretansafari.gr\/private-tours\/","url":"https:\/\/cretansafari.gr\/private-tours\/","name":"Private Tours - Cretan Safari","isPartOf":{"@id":"https:\/\/cretansafari.gr\/#website"},"primaryImageOfPage":{"@id":"https:\/\/cretansafari.gr\/private-tours\/#primaryimage"},"image":{"@id":"https:\/\/cretansafari.gr\/private-tours\/#primaryimage"},"thumbnailUrl":"https:\/\/cretansafari.gr\/wp-content\/uploads\/2023\/02\/rethymnon-tour-1000x1000.jpg","datePublished":"2025-07-30T03:27:37+00:00","dateModified":"2025-08-11T15:11:14+00:00","breadcrumb":{"@id":"https:\/\/cretansafari.gr\/private-tours\/#breadcrumb"},"inLanguage":"fr-FR","potentialAction":[{"@type":"ReadAction","target":["https:\/\/cretansafari.gr\/private-tours\/"]}]},{"@type":"ImageObject","inLanguage":"fr-FR","@id":"https:\/\/cretansafari.gr\/private-tours\/#primaryimage","url":"https:\/\/cretansafari.gr\/wp-content\/uploads\/2023\/02\/rethymnon-tour-1000x1000.jpg","contentUrl":"https:\/\/cretansafari.gr\/wp-content\/uploads\/2023\/02\/rethymnon-tour-1000x1000.jpg"},{"@type":"BreadcrumbList","@id":"https:\/\/cretansafari.gr\/private-tours\/#breadcrumb","itemListElement":[{"@type":"ListItem","position":1,"name":"Home","item":"https:\/\/cretansafari.gr\/"},{"@type":"ListItem","position":2,"name":"Private Tours"}]},{"@type":"WebSite","@id":"https:\/\/cretansafari.gr\/#website","url":"https:\/\/cretansafari.gr\/","name":"Cretan Safari","description":"Land Rover Experience Rethymnon","publisher":{"@id":"https:\/\/cretansafari.gr\/#organization"},"potentialAction":[{"@type":"SearchAction","target":{"@type":"EntryPoint","urlTemplate":"https:\/\/cretansafari.gr\/?s={search_term_string}"},"query-input":{"@type":"PropertyValueSpecification","valueRequired":true,"valueName":"search_term_string"}}],"inLanguage":"fr-FR"},{"@type":"Organization","@id":"https:\/\/cretansafari.gr\/#organization","name":"Cretan Safari","url":"https:\/\/cretansafari.gr\/","logo":{"@type":"ImageObject","inLanguage":"fr-FR","@id":"https:\/\/cretansafari.gr\/#\/schema\/logo\/image\/","url":"https:\/\/cretansafari.gr\/wp-content\/uploads\/2021\/09\/Logocretansafari260.png","contentUrl":"https:\/\/cretansafari.gr\/wp-content\/uploads\/2021\/09\/Logocretansafari260.png","width":301,"height":123,"caption":"Cretan Safari"},"image":{"@id":"https:\/\/cretansafari.gr\/#\/schema\/logo\/image\/"}}]}},"_links":{"self":[{"href":"https:\/\/cretansafari.gr\/fr\/wp-json\/wp\/v2\/pages\/64468","targetHints":{"allow":["GET"]}}],"collection":[{"href":"https:\/\/cretansafari.gr\/fr\/wp-json\/wp\/v2\/pages"}],"about":[{"href":"https:\/\/cretansafari.gr\/fr\/wp-json\/wp\/v2\/types\/page"}],"author":[{"embeddable":true,"href":"https:\/\/cretansafari.gr\/fr\/wp-json\/wp\/v2\/users\/8"}],"replies":[{"embeddable":true,"href":"https:\/\/cretansafari.gr\/fr\/wp-json\/wp\/v2\/comments?post=64468"}],"version-history":[{"count":0,"href":"https:\/\/cretansafari.gr\/fr\/wp-json\/wp\/v2\/pages\/64468\/revisions"}],"wp:attachment":[{"href":"https:\/\/cretansafari.gr\/fr\/wp-json\/wp\/v2\/media?parent=64468"}],"curies":[{"name":"wp","href":"https:\/\/api.w.org\/{rel}","templated":true}]}}