{"id":64147,"date":"2025-07-24T07:16:09","date_gmt":"2025-07-24T04:16:09","guid":{"rendered":"https:\/\/cretansafari.gr\/?post_type=product&#038;p=64147"},"modified":"2026-02-20T20:26:30","modified_gmt":"2026-02-20T18:26:30","slug":"preveli-safari-tour","status":"publish","type":"product","link":"https:\/\/cretansafari.gr\/de\/tours\/preveli\/preveli-safari-tour\/","title":{"rendered":"Preveli Safari Tour"},"content":{"rendered":"<p style=\"text-align: left;\">Rethymno Safari tour:<\/p>\n<p style=\"text-align: left;\">Ein einzigartiges Erlebnis beginnt mit dem alleinigen Zweck des Abenteuers und des Spa\u00dfes. Zun\u00e4chst durchqueren wir das Dorf Giannoudi, um die Schlucht von <strong>Prasses<\/strong>zu erreichen, wo wir die seltene Geier sehen k\u00f6nnen, die dort leben. Als n\u00e4chstes f\u00fchrt uns der Weg zum <strong>Fragma Potamon<\/strong>, einem Damm, der f\u00fcr seine unvergleichliche Sch\u00f6nheit bekannt ist und der perfekte Ort ist, um einige unglaubliche Fotos zu machen. Das Dorf <strong>Karines<\/strong> ist ber\u00fchmt f\u00fcr seine Gastfreundschaft und die Traditionen, die sich im Laufe der Zeit nicht ge\u00e4ndert haben. Unser n\u00e4chster Stopp ist die <strong>Kourtaliotis-Schlucht<\/strong>, wo wir die wilde Seite der kretischen Natur bewundern k\u00f6nnen. Auf dem weiteren Weg haben wir die M\u00f6glichkeit, an einem der sch\u00f6nsten und saubersten Str\u00e4nde im S\u00fcden von Kreta, <strong>Preveli<\/strong> , anzuhalten und zu schwimmen. Preveli ist ein exotischer Ort mit einem Fluss und traumhaften Landschaften, die der Palmenwald bietet. Nachdem Sie den Strand genossen haben, kehren wir in eine traditionelle <strong>Taverne<\/strong> ein, um die kretische K\u00fcche in ihrer besten Form zu probieren, kombiniert mit unbegrenztem reinem kretischen Wein. Unser n\u00e4chster Stopp ist das historische Dorf <strong>Spili<\/strong>, mit den ber\u00fchmten L\u00f6wenkopfbrunnen, die das ganze Jahr \u00fcber kaltes Wasser aus dem Berg sprudeln lassen. Schlie\u00dflich, nach dem Besuch einiger sch\u00f6ner D\u00f6rfer, finden Sie sich bei den <strong>Drei Monastiria<\/strong> wieder, wo Sie der erstaunliche Blick auf die Stadt Rethymnon faszinieren wird.<\/p>\n<p style=\"text-align: left;\">Kultur und nat\u00fcrlicher Wunder wird unsere Safari-Tour wieder in Rethymno enden und Ihnen Erinnerungen hinterlassen, die Sie ein Leben lang sch\u00e4tzen werden.<\/p>\n<p style=\"text-align: left;\"><strong>Includes:<\/strong><\/p>\n<ul style=\"text-align: left;\">\n<li>Land Rover Defenders\/Discovery und Mercedes 4x4<\/li>\n<li>Abholung und R\u00fcckkehr zu Ihrem Hotel<\/li>\n<li>Vollst\u00e4ndiges Mittagessen mit kretischem Wein<\/li>\n<li>Spa\u00df und Abenteuer<\/li>\n<\/ul>\n<p style=\"text-align: left;\">Dauer: 09:00 - 16:30<\/p>\n<hr \/>\n<p style=\"text-align: left;\"><strong>Highlights<\/strong><\/p>\n<ul>\n<li style=\"text-align: left;\">Prasses-Schlucht \u2013 Fotostopp mit Geierbeobachtung<\/li>\n<li style=\"text-align: left;\">Potamon-Staudamm \u2013 Malerischer Fotostopp<\/li>\n<li style=\"text-align: left;\">Dorfbesuch \u2013 Lokale Produkte probieren &amp; Freizeit<\/li>\n<li style=\"text-align: left;\">Kourtaliotiko-Schlucht \u2013 Eindrucksvoller Fotostopp<\/li>\n<li style=\"text-align: left;\">Preveli-Palmenstrand \u2013 1,5 Stunden Freizeit zum Schwimmen &amp; Erkunden<\/li>\n<li style=\"text-align: left;\">Taverne \u2013 Traditionelles kretisches Mittagessen mit Wein<\/li>\n<li style=\"text-align: left;\">Spili-Dorf \u2013 Ber\u00fchmte L\u00f6wenk\u00f6pfe, Quellwasser, lokales Handwerk<\/li>\n<\/ul>","protected":false},"excerpt":{"rendered":"<p>Rethymno Safari tour: A unique experience begins with the sole purpose of adventure and fun. Initially, we will cross the village of Giannoudi to reach the Gorge of Prasses, where&hellip;<\/p>","protected":false},"featured_media":10076,"comment_status":"closed","ping_status":"closed","template":"","meta":{"_acf_changed":false,"_lmt_disableupdate":"no","_lmt_disable":""},"product_brand":[],"product_cat":[135],"product_tag":[141],"class_list":{"0":"post-64147","1":"product","2":"type-product","3":"status-publish","4":"has-post-thumbnail","6":"product_cat-preveli","7":"product_tag-simple","9":"first","10":"instock","11":"sold-individually","12":"shipping-taxable","13":"purchasable","14":"product-type-simple"},"acf":[],"yoast_head":"<!-- This site is optimized with the Yoast SEO plugin v26.0 - https:\/\/yoast.com\/wordpress\/plugins\/seo\/ -->\n<title>Preveli Safari Tour - Cretan Safari<\/title>\n<meta name=\"description\" content=\"Rethymno Safari tour:A unique experience begins with the sole purpose of adventure and fun. Initially, we will cross the village of Giannoudi to reach the Gorge of Prasses, where we have the chance to see the rare vultures that live there.\" \/>\n<meta name=\"robots\" content=\"index, follow, max-snippet:-1, max-image-preview:large, max-video-preview:-1\" \/>\n<link rel=\"canonical\" href=\"https:\/\/cretansafari.gr\/de\/tours\/preveli\/preveli-safari-tour\/\" \/>\n<meta property=\"og:locale\" content=\"de_DE\" \/>\n<meta property=\"og:type\" content=\"article\" \/>\n<meta property=\"og:title\" content=\"Preveli Safari Tour - Cretan Safari\" \/>\n<meta property=\"og:description\" content=\"Rethymno Safari tour:A unique experience begins with the sole purpose of adventure and fun. Initially, we will cross the village of Giannoudi to reach the Gorge of Prasses, where we have the chance to see the rare vultures that live there.\" \/>\n<meta property=\"og:url\" content=\"https:\/\/cretansafari.gr\/de\/tours\/preveli\/preveli-safari-tour\/\" \/>\n<meta property=\"og:site_name\" content=\"Cretan Safari\" \/>\n<meta property=\"article:modified_time\" content=\"2026-02-20T18:26:30+00:00\" \/>\n<meta property=\"og:image\" content=\"https:\/\/cretansafari.gr\/wp-content\/uploads\/2023\/02\/rethymnon-tour.jpg\" \/>\n\t<meta property=\"og:image:width\" content=\"1200\" \/>\n\t<meta property=\"og:image:height\" content=\"1000\" \/>\n\t<meta property=\"og:image:type\" content=\"image\/jpeg\" \/>\n<meta name=\"twitter:card\" content=\"summary_large_image\" \/>\n<meta name=\"twitter:label1\" content=\"Gesch\u00e4tzte Lesezeit\" \/>\n\t<meta name=\"twitter:data1\" content=\"2\u00a0Minuten\" \/>\n<script type=\"application\/ld+json\" class=\"yoast-schema-graph\">{\"@context\":\"https:\/\/schema.org\",\"@graph\":[{\"@type\":\"WebPage\",\"@id\":\"https:\/\/cretansafari.gr\/tours\/preveli\/preveli-safari-tour\/\",\"url\":\"https:\/\/cretansafari.gr\/tours\/preveli\/preveli-safari-tour\/\",\"name\":\"Preveli Safari Tour - Cretan Safari\",\"isPartOf\":{\"@id\":\"https:\/\/cretansafari.gr\/#website\"},\"primaryImageOfPage\":{\"@id\":\"https:\/\/cretansafari.gr\/tours\/preveli\/preveli-safari-tour\/#primaryimage\"},\"image\":{\"@id\":\"https:\/\/cretansafari.gr\/tours\/preveli\/preveli-safari-tour\/#primaryimage\"},\"thumbnailUrl\":\"https:\/\/cretansafari.gr\/wp-content\/uploads\/2023\/02\/rethymnon-tour.jpg\",\"datePublished\":\"2025-07-24T04:16:09+00:00\",\"dateModified\":\"2026-02-20T18:26:30+00:00\",\"description\":\"Rethymno Safari tour:A unique experience begins with the sole purpose of adventure and fun. Initially, we will cross the village of Giannoudi to reach the Gorge of Prasses, where we have the chance to see the rare vultures that live there.\",\"breadcrumb\":{\"@id\":\"https:\/\/cretansafari.gr\/tours\/preveli\/preveli-safari-tour\/#breadcrumb\"},\"inLanguage\":\"de\",\"potentialAction\":[{\"@type\":\"ReadAction\",\"target\":[\"https:\/\/cretansafari.gr\/tours\/preveli\/preveli-safari-tour\/\"]}]},{\"@type\":\"ImageObject\",\"inLanguage\":\"de\",\"@id\":\"https:\/\/cretansafari.gr\/tours\/preveli\/preveli-safari-tour\/#primaryimage\",\"url\":\"https:\/\/cretansafari.gr\/wp-content\/uploads\/2023\/02\/rethymnon-tour.jpg\",\"contentUrl\":\"https:\/\/cretansafari.gr\/wp-content\/uploads\/2023\/02\/rethymnon-tour.jpg\",\"width\":1200,\"height\":1000,\"caption\":\"rethymnon tour\"},{\"@type\":\"BreadcrumbList\",\"@id\":\"https:\/\/cretansafari.gr\/tours\/preveli\/preveli-safari-tour\/#breadcrumb\",\"itemListElement\":[{\"@type\":\"ListItem\",\"position\":1,\"name\":\"Home\",\"item\":\"https:\/\/cretansafari.gr\/\"},{\"@type\":\"ListItem\",\"position\":2,\"name\":\"Tours\",\"item\":\"https:\/\/cretansafari.gr\/tours\/\"},{\"@type\":\"ListItem\",\"position\":3,\"name\":\"Preveli Safari Tour\"}]},{\"@type\":\"WebSite\",\"@id\":\"https:\/\/cretansafari.gr\/#website\",\"url\":\"https:\/\/cretansafari.gr\/\",\"name\":\"Cretan Safari\",\"description\":\"Land Rover Experience Rethymnon\",\"publisher\":{\"@id\":\"https:\/\/cretansafari.gr\/#organization\"},\"potentialAction\":[{\"@type\":\"SearchAction\",\"target\":{\"@type\":\"EntryPoint\",\"urlTemplate\":\"https:\/\/cretansafari.gr\/?s={search_term_string}\"},\"query-input\":{\"@type\":\"PropertyValueSpecification\",\"valueRequired\":true,\"valueName\":\"search_term_string\"}}],\"inLanguage\":\"de\"},{\"@type\":\"Organization\",\"@id\":\"https:\/\/cretansafari.gr\/#organization\",\"name\":\"Cretan Safari\",\"url\":\"https:\/\/cretansafari.gr\/\",\"logo\":{\"@type\":\"ImageObject\",\"inLanguage\":\"de\",\"@id\":\"https:\/\/cretansafari.gr\/#\/schema\/logo\/image\/\",\"url\":\"https:\/\/cretansafari.gr\/wp-content\/uploads\/2021\/09\/Logocretansafari260.png\",\"contentUrl\":\"https:\/\/cretansafari.gr\/wp-content\/uploads\/2021\/09\/Logocretansafari260.png\",\"width\":301,\"height\":123,\"caption\":\"Cretan Safari\"},\"image\":{\"@id\":\"https:\/\/cretansafari.gr\/#\/schema\/logo\/image\/\"}}]}<\/script>\n<!-- \/ Yoast SEO plugin. -->","yoast_head_json":{"title":"Preveli Safari Tour - Cretan Safari","description":"Rethymno Safari tour:A unique experience begins with the sole purpose of adventure and fun. Initially, we will cross the village of Giannoudi to reach the Gorge of Prasses, where we have the chance to see the rare vultures that live there.","robots":{"index":"index","follow":"follow","max-snippet":"max-snippet:-1","max-image-preview":"max-image-preview:large","max-video-preview":"max-video-preview:-1"},"canonical":"https:\/\/cretansafari.gr\/de\/tours\/preveli\/preveli-safari-tour\/","og_locale":"de_DE","og_type":"article","og_title":"Preveli Safari Tour - Cretan Safari","og_description":"Rethymno Safari tour:A unique experience begins with the sole purpose of adventure and fun. Initially, we will cross the village of Giannoudi to reach the Gorge of Prasses, where we have the chance to see the rare vultures that live there.","og_url":"https:\/\/cretansafari.gr\/de\/tours\/preveli\/preveli-safari-tour\/","og_site_name":"Cretan Safari","article_modified_time":"2026-02-20T18:26:30+00:00","og_image":[{"width":1200,"height":1000,"url":"https:\/\/cretansafari.gr\/wp-content\/uploads\/2023\/02\/rethymnon-tour.jpg","type":"image\/jpeg"}],"twitter_card":"summary_large_image","twitter_misc":{"Gesch\u00e4tzte Lesezeit":"2\u00a0Minuten"},"schema":{"@context":"https:\/\/schema.org","@graph":[{"@type":"WebPage","@id":"https:\/\/cretansafari.gr\/tours\/preveli\/preveli-safari-tour\/","url":"https:\/\/cretansafari.gr\/tours\/preveli\/preveli-safari-tour\/","name":"Preveli Safari Tour - Cretan Safari","isPartOf":{"@id":"https:\/\/cretansafari.gr\/#website"},"primaryImageOfPage":{"@id":"https:\/\/cretansafari.gr\/tours\/preveli\/preveli-safari-tour\/#primaryimage"},"image":{"@id":"https:\/\/cretansafari.gr\/tours\/preveli\/preveli-safari-tour\/#primaryimage"},"thumbnailUrl":"https:\/\/cretansafari.gr\/wp-content\/uploads\/2023\/02\/rethymnon-tour.jpg","datePublished":"2025-07-24T04:16:09+00:00","dateModified":"2026-02-20T18:26:30+00:00","description":"Rethymno Safari tour:A unique experience begins with the sole purpose of adventure and fun. Initially, we will cross the village of Giannoudi to reach the Gorge of Prasses, where we have the chance to see the rare vultures that live there.","breadcrumb":{"@id":"https:\/\/cretansafari.gr\/tours\/preveli\/preveli-safari-tour\/#breadcrumb"},"inLanguage":"de","potentialAction":[{"@type":"ReadAction","target":["https:\/\/cretansafari.gr\/tours\/preveli\/preveli-safari-tour\/"]}]},{"@type":"ImageObject","inLanguage":"de","@id":"https:\/\/cretansafari.gr\/tours\/preveli\/preveli-safari-tour\/#primaryimage","url":"https:\/\/cretansafari.gr\/wp-content\/uploads\/2023\/02\/rethymnon-tour.jpg","contentUrl":"https:\/\/cretansafari.gr\/wp-content\/uploads\/2023\/02\/rethymnon-tour.jpg","width":1200,"height":1000,"caption":"rethymnon tour"},{"@type":"BreadcrumbList","@id":"https:\/\/cretansafari.gr\/tours\/preveli\/preveli-safari-tour\/#breadcrumb","itemListElement":[{"@type":"ListItem","position":1,"name":"Home","item":"https:\/\/cretansafari.gr\/"},{"@type":"ListItem","position":2,"name":"Tours","item":"https:\/\/cretansafari.gr\/tours\/"},{"@type":"ListItem","position":3,"name":"Preveli Safari Tour"}]},{"@type":"WebSite","@id":"https:\/\/cretansafari.gr\/#website","url":"https:\/\/cretansafari.gr\/","name":"Cretan Safari","description":"Land Rover Experience Rethymnon","publisher":{"@id":"https:\/\/cretansafari.gr\/#organization"},"potentialAction":[{"@type":"SearchAction","target":{"@type":"EntryPoint","urlTemplate":"https:\/\/cretansafari.gr\/?s={search_term_string}"},"query-input":{"@type":"PropertyValueSpecification","valueRequired":true,"valueName":"search_term_string"}}],"inLanguage":"de"},{"@type":"Organization","@id":"https:\/\/cretansafari.gr\/#organization","name":"Cretan Safari","url":"https:\/\/cretansafari.gr\/","logo":{"@type":"ImageObject","inLanguage":"de","@id":"https:\/\/cretansafari.gr\/#\/schema\/logo\/image\/","url":"https:\/\/cretansafari.gr\/wp-content\/uploads\/2021\/09\/Logocretansafari260.png","contentUrl":"https:\/\/cretansafari.gr\/wp-content\/uploads\/2021\/09\/Logocretansafari260.png","width":301,"height":123,"caption":"Cretan Safari"},"image":{"@id":"https:\/\/cretansafari.gr\/#\/schema\/logo\/image\/"}}]}},"_links":{"self":[{"href":"https:\/\/cretansafari.gr\/de\/wp-json\/wp\/v2\/product\/64147","targetHints":{"allow":["GET"]}}],"collection":[{"href":"https:\/\/cretansafari.gr\/de\/wp-json\/wp\/v2\/product"}],"about":[{"href":"https:\/\/cretansafari.gr\/de\/wp-json\/wp\/v2\/types\/product"}],"replies":[{"embeddable":true,"href":"https:\/\/cretansafari.gr\/de\/wp-json\/wp\/v2\/comments?post=64147"}],"version-history":[{"count":1,"href":"https:\/\/cretansafari.gr\/de\/wp-json\/wp\/v2\/product\/64147\/revisions"}],"predecessor-version":[{"id":64739,"href":"https:\/\/cretansafari.gr\/de\/wp-json\/wp\/v2\/product\/64147\/revisions\/64739"}],"wp:featuredmedia":[{"embeddable":true,"href":"https:\/\/cretansafari.gr\/de\/wp-json\/wp\/v2\/media\/10076"}],"wp:attachment":[{"href":"https:\/\/cretansafari.gr\/de\/wp-json\/wp\/v2\/media?parent=64147"}],"wp:term":[{"taxonomy":"product_brand","embeddable":true,"href":"https:\/\/cretansafari.gr\/de\/wp-json\/wp\/v2\/product_brand?post=64147"},{"taxonomy":"product_cat","embeddable":true,"href":"https:\/\/cretansafari.gr\/de\/wp-json\/wp\/v2\/product_cat?post=64147"},{"taxonomy":"product_tag","embeddable":true,"href":"https:\/\/cretansafari.gr\/de\/wp-json\/wp\/v2\/product_tag?post=64147"}],"curies":[{"name":"wp","href":"https:\/\/api.w.org\/{rel}","templated":true}]}}