{"id":64145,"date":"2025-07-24T07:15:27","date_gmt":"2025-07-24T04:15:27","guid":{"rendered":"https:\/\/cretansafari.gr\/?post_type=product&#038;p=64145"},"modified":"2025-08-20T13:05:29","modified_gmt":"2025-08-20T10:05:29","slug":"sunset-safari-tour","status":"publish","type":"product","link":"https:\/\/cretansafari.gr\/de\/tours\/sunset\/sunset-safari-tour\/","title":{"rendered":"Sunset  Safari Tour"},"content":{"rendered":"<p>Sonnenuntergang Safari Tour<\/p>\n<p>Begleiten Sie uns zu einem unvergesslichen Erlebnis auf unserer Rethymno Sunset Safari, wo erstaunliche Momente auf Sie warten. Erkunden Sie die atemberaubenden Landschaften von Kreta, von sanften H\u00fcgeln bis hin zu charmanten D\u00f6rfern, w\u00e4hrend wir Sie auf ein malerisches Abenteuer mitnehmen. Beginnen wir mit dem charmanten venezianischen Dorf <strong>Pikris<\/strong>, erleben Sie die W\u00e4rme der kretischen Gastfreundschaft und bewundern Sie die historische Villa Claudio mit ihrer faszinierenden lateinischen Inschrift. Als n\u00e4chstes besuchen wir das <strong>Arkadi-Kloster<\/strong>, einen kulturellen Schatz mit einer faszinierenden Architektur, die venezianische, byzantinische und osmanische Stile vereint. W\u00e4hrend wir zu den Berggipfeln aufsteigen, genie\u00dfen Sie einen Panoramablick auf den <strong>Potamon-Damm<\/strong>, gefolgt von einer entspannenden Pause mit einem Glas Wein, w\u00e4hrend Sie die lebendigen Farben des <strong>Sonnenuntergangs genie\u00dfen<\/strong>. Unsere Reise endet mit einem traditionellen kretischen Abendessen in einer bezaubernden <strong>Taverne<\/strong>, die an einem Fluss und einer alten Kirche liegt. Genie\u00dfen Sie ein Fest mit lokalen Vorspeisen und Hauptgerichten, begleitet von unbegrenztem kretischen Wein. Verpassen Sie nicht dieses<\/p>\n<p>unvergessliche Erlebnis und begleiten Sie uns zu einer erstaunlichen Rethymno Sunset Safari.<\/p>\n<p style=\"text-align: right;\"><strong>Optionale Eintrittsgeb\u00fchr f\u00fcr das Kloster Arkadi: 4 Euro<\/strong><\/p>\n<p><strong>Includes:<\/strong><\/p>\n<ul>\n<li>Land Rover Defenders\/Discovery<\/li>\n<li>Abholung und R\u00fcckkehr zu Ihrem Hotel<\/li>\n<li>Vollst\u00e4ndiges Abendessen mit kretischem Wein<\/li>\n<li>Spa\u00df und Abenteuer<\/li>\n<\/ul>\n<p>Dauer: 17:30 - 22:30<\/p>\n<hr \/>\n<p><strong>Highlights<\/strong><\/p>\n<ul>\n<li>Pikris-Dorf \u2013 Lokale Produkte probieren, Spaziergang im venezianischen Dorf &amp; Villa Claudio sehen<\/li>\n<li>Kloster Arkadi \u2013 Historisches &amp; kulturelles Wahrzeichen (optional)<\/li>\n<li>Potamon-Staudamm \u2013 Panorama-Fotostopp<\/li>\n<li>Sonnenuntergangsplatz \u2013 Sekt &amp; Fr\u00fcchte mit Ausblick<\/li>\n<li>Taverne \u2013 Traditionelles kretisches Abendessen mit Wein<\/li>\n<li>Panoramafahrt \u2013 Landschaften im goldenen Abendlicht<\/li>\n<\/ul>","protected":false},"excerpt":{"rendered":"<p>Sunset Safari tour Join us for an unforgettable experience on our Rethymno Sunset Safari , where amazing moments await. Explore the stunning landscapes of Crete, from rolling hills to charming&hellip;<\/p>","protected":false},"featured_media":64737,"comment_status":"closed","ping_status":"closed","template":"","meta":{"_acf_changed":false,"_lmt_disableupdate":"no","_lmt_disable":""},"product_brand":[],"product_cat":[136],"product_tag":[141],"class_list":{"0":"post-64145","1":"product","2":"type-product","3":"status-publish","4":"has-post-thumbnail","6":"product_cat-sunset","7":"product_tag-simple","9":"first","10":"instock","11":"sold-individually","12":"shipping-taxable","13":"purchasable","14":"product-type-simple"},"acf":[],"yoast_head":"<!-- This site is optimized with the Yoast SEO plugin v26.0 - https:\/\/yoast.com\/wordpress\/plugins\/seo\/ -->\n<title>Sunset Safari Tour - Cretan Safari<\/title>\n<meta name=\"description\" content=\"Sunset Safari tourJoin us for an unforgettable experience on our Rethymno Sunset Safari , where amazing moments await. Explore the stunning landscapes of Crete, from rolling hills to charming villages, as we take you on a scenic adventure.\" \/>\n<meta name=\"robots\" content=\"index, follow, max-snippet:-1, max-image-preview:large, max-video-preview:-1\" \/>\n<link rel=\"canonical\" href=\"https:\/\/cretansafari.gr\/de\/tours\/sunset\/sunset-safari-tour\/\" \/>\n<meta property=\"og:locale\" content=\"de_DE\" \/>\n<meta property=\"og:type\" content=\"article\" \/>\n<meta property=\"og:title\" content=\"Sunset Safari Tour - Cretan Safari\" \/>\n<meta property=\"og:description\" content=\"Sunset Safari tourJoin us for an unforgettable experience on our Rethymno Sunset Safari , where amazing moments await. Explore the stunning landscapes of Crete, from rolling hills to charming villages, as we take you on a scenic adventure.\" \/>\n<meta property=\"og:url\" content=\"https:\/\/cretansafari.gr\/de\/tours\/sunset\/sunset-safari-tour\/\" \/>\n<meta property=\"og:site_name\" content=\"Cretan Safari\" \/>\n<meta property=\"article:modified_time\" content=\"2025-08-20T10:05:29+00:00\" \/>\n<meta property=\"og:image\" content=\"https:\/\/cretansafari.gr\/wp-content\/uploads\/2025\/07\/\u0391\u03bd\u03ce\u03bd\u03c5\u03bc\u03bf-\u03c3\u03c7\u03ad\u03b4\u03b9\u03bf-16-2.webp\" \/>\n\t<meta property=\"og:image:width\" content=\"2048\" \/>\n\t<meta property=\"og:image:height\" content=\"1536\" \/>\n\t<meta property=\"og:image:type\" content=\"image\/webp\" \/>\n<meta name=\"twitter:card\" content=\"summary_large_image\" \/>\n<meta name=\"twitter:label1\" content=\"Gesch\u00e4tzte Lesezeit\" \/>\n\t<meta name=\"twitter:data1\" content=\"2\u00a0Minuten\" \/>\n<script type=\"application\/ld+json\" class=\"yoast-schema-graph\">{\"@context\":\"https:\/\/schema.org\",\"@graph\":[{\"@type\":\"WebPage\",\"@id\":\"https:\/\/cretansafari.gr\/tours\/sunset\/sunset-safari-tour\/\",\"url\":\"https:\/\/cretansafari.gr\/tours\/sunset\/sunset-safari-tour\/\",\"name\":\"Sunset Safari Tour - Cretan Safari\",\"isPartOf\":{\"@id\":\"https:\/\/cretansafari.gr\/#website\"},\"primaryImageOfPage\":{\"@id\":\"https:\/\/cretansafari.gr\/tours\/sunset\/sunset-safari-tour\/#primaryimage\"},\"image\":{\"@id\":\"https:\/\/cretansafari.gr\/tours\/sunset\/sunset-safari-tour\/#primaryimage\"},\"thumbnailUrl\":\"https:\/\/cretansafari.gr\/wp-content\/uploads\/2025\/07\/\u0391\u03bd\u03ce\u03bd\u03c5\u03bc\u03bf-\u03c3\u03c7\u03ad\u03b4\u03b9\u03bf-16-2.webp\",\"datePublished\":\"2025-07-24T04:15:27+00:00\",\"dateModified\":\"2025-08-20T10:05:29+00:00\",\"description\":\"Sunset Safari tourJoin us for an unforgettable experience on our Rethymno Sunset Safari , where amazing moments await. Explore the stunning landscapes of Crete, from rolling hills to charming villages, as we take you on a scenic adventure.\",\"breadcrumb\":{\"@id\":\"https:\/\/cretansafari.gr\/tours\/sunset\/sunset-safari-tour\/#breadcrumb\"},\"inLanguage\":\"de\",\"potentialAction\":[{\"@type\":\"ReadAction\",\"target\":[\"https:\/\/cretansafari.gr\/tours\/sunset\/sunset-safari-tour\/\"]}]},{\"@type\":\"ImageObject\",\"inLanguage\":\"de\",\"@id\":\"https:\/\/cretansafari.gr\/tours\/sunset\/sunset-safari-tour\/#primaryimage\",\"url\":\"https:\/\/cretansafari.gr\/wp-content\/uploads\/2025\/07\/\u0391\u03bd\u03ce\u03bd\u03c5\u03bc\u03bf-\u03c3\u03c7\u03ad\u03b4\u03b9\u03bf-16-2.webp\",\"contentUrl\":\"https:\/\/cretansafari.gr\/wp-content\/uploads\/2025\/07\/\u0391\u03bd\u03ce\u03bd\u03c5\u03bc\u03bf-\u03c3\u03c7\u03ad\u03b4\u03b9\u03bf-16-2.webp\",\"width\":2048,\"height\":1536},{\"@type\":\"BreadcrumbList\",\"@id\":\"https:\/\/cretansafari.gr\/tours\/sunset\/sunset-safari-tour\/#breadcrumb\",\"itemListElement\":[{\"@type\":\"ListItem\",\"position\":1,\"name\":\"Home\",\"item\":\"https:\/\/cretansafari.gr\/\"},{\"@type\":\"ListItem\",\"position\":2,\"name\":\"Tours\",\"item\":\"https:\/\/cretansafari.gr\/tours\/\"},{\"@type\":\"ListItem\",\"position\":3,\"name\":\"Sunset Safari Tour\"}]},{\"@type\":\"WebSite\",\"@id\":\"https:\/\/cretansafari.gr\/#website\",\"url\":\"https:\/\/cretansafari.gr\/\",\"name\":\"Cretan Safari\",\"description\":\"Land Rover Experience Rethymnon\",\"publisher\":{\"@id\":\"https:\/\/cretansafari.gr\/#organization\"},\"potentialAction\":[{\"@type\":\"SearchAction\",\"target\":{\"@type\":\"EntryPoint\",\"urlTemplate\":\"https:\/\/cretansafari.gr\/?s={search_term_string}\"},\"query-input\":{\"@type\":\"PropertyValueSpecification\",\"valueRequired\":true,\"valueName\":\"search_term_string\"}}],\"inLanguage\":\"de\"},{\"@type\":\"Organization\",\"@id\":\"https:\/\/cretansafari.gr\/#organization\",\"name\":\"Cretan Safari\",\"url\":\"https:\/\/cretansafari.gr\/\",\"logo\":{\"@type\":\"ImageObject\",\"inLanguage\":\"de\",\"@id\":\"https:\/\/cretansafari.gr\/#\/schema\/logo\/image\/\",\"url\":\"https:\/\/cretansafari.gr\/wp-content\/uploads\/2021\/09\/Logocretansafari260.png\",\"contentUrl\":\"https:\/\/cretansafari.gr\/wp-content\/uploads\/2021\/09\/Logocretansafari260.png\",\"width\":301,\"height\":123,\"caption\":\"Cretan Safari\"},\"image\":{\"@id\":\"https:\/\/cretansafari.gr\/#\/schema\/logo\/image\/\"}}]}<\/script>\n<!-- \/ Yoast SEO plugin. -->","yoast_head_json":{"title":"Sunset Safari Tour - Cretan Safari","description":"Sunset Safari tourJoin us for an unforgettable experience on our Rethymno Sunset Safari , where amazing moments await. Explore the stunning landscapes of Crete, from rolling hills to charming villages, as we take you on a scenic adventure.","robots":{"index":"index","follow":"follow","max-snippet":"max-snippet:-1","max-image-preview":"max-image-preview:large","max-video-preview":"max-video-preview:-1"},"canonical":"https:\/\/cretansafari.gr\/de\/tours\/sunset\/sunset-safari-tour\/","og_locale":"de_DE","og_type":"article","og_title":"Sunset Safari Tour - Cretan Safari","og_description":"Sunset Safari tourJoin us for an unforgettable experience on our Rethymno Sunset Safari , where amazing moments await. Explore the stunning landscapes of Crete, from rolling hills to charming villages, as we take you on a scenic adventure.","og_url":"https:\/\/cretansafari.gr\/de\/tours\/sunset\/sunset-safari-tour\/","og_site_name":"Cretan Safari","article_modified_time":"2025-08-20T10:05:29+00:00","og_image":[{"width":2048,"height":1536,"url":"https:\/\/cretansafari.gr\/wp-content\/uploads\/2025\/07\/\u0391\u03bd\u03ce\u03bd\u03c5\u03bc\u03bf-\u03c3\u03c7\u03ad\u03b4\u03b9\u03bf-16-2.webp","type":"image\/webp"}],"twitter_card":"summary_large_image","twitter_misc":{"Gesch\u00e4tzte Lesezeit":"2\u00a0Minuten"},"schema":{"@context":"https:\/\/schema.org","@graph":[{"@type":"WebPage","@id":"https:\/\/cretansafari.gr\/tours\/sunset\/sunset-safari-tour\/","url":"https:\/\/cretansafari.gr\/tours\/sunset\/sunset-safari-tour\/","name":"Sunset Safari Tour - Cretan Safari","isPartOf":{"@id":"https:\/\/cretansafari.gr\/#website"},"primaryImageOfPage":{"@id":"https:\/\/cretansafari.gr\/tours\/sunset\/sunset-safari-tour\/#primaryimage"},"image":{"@id":"https:\/\/cretansafari.gr\/tours\/sunset\/sunset-safari-tour\/#primaryimage"},"thumbnailUrl":"https:\/\/cretansafari.gr\/wp-content\/uploads\/2025\/07\/\u0391\u03bd\u03ce\u03bd\u03c5\u03bc\u03bf-\u03c3\u03c7\u03ad\u03b4\u03b9\u03bf-16-2.webp","datePublished":"2025-07-24T04:15:27+00:00","dateModified":"2025-08-20T10:05:29+00:00","description":"Sunset Safari tourJoin us for an unforgettable experience on our Rethymno Sunset Safari , where amazing moments await. Explore the stunning landscapes of Crete, from rolling hills to charming villages, as we take you on a scenic adventure.","breadcrumb":{"@id":"https:\/\/cretansafari.gr\/tours\/sunset\/sunset-safari-tour\/#breadcrumb"},"inLanguage":"de","potentialAction":[{"@type":"ReadAction","target":["https:\/\/cretansafari.gr\/tours\/sunset\/sunset-safari-tour\/"]}]},{"@type":"ImageObject","inLanguage":"de","@id":"https:\/\/cretansafari.gr\/tours\/sunset\/sunset-safari-tour\/#primaryimage","url":"https:\/\/cretansafari.gr\/wp-content\/uploads\/2025\/07\/\u0391\u03bd\u03ce\u03bd\u03c5\u03bc\u03bf-\u03c3\u03c7\u03ad\u03b4\u03b9\u03bf-16-2.webp","contentUrl":"https:\/\/cretansafari.gr\/wp-content\/uploads\/2025\/07\/\u0391\u03bd\u03ce\u03bd\u03c5\u03bc\u03bf-\u03c3\u03c7\u03ad\u03b4\u03b9\u03bf-16-2.webp","width":2048,"height":1536},{"@type":"BreadcrumbList","@id":"https:\/\/cretansafari.gr\/tours\/sunset\/sunset-safari-tour\/#breadcrumb","itemListElement":[{"@type":"ListItem","position":1,"name":"Home","item":"https:\/\/cretansafari.gr\/"},{"@type":"ListItem","position":2,"name":"Tours","item":"https:\/\/cretansafari.gr\/tours\/"},{"@type":"ListItem","position":3,"name":"Sunset Safari Tour"}]},{"@type":"WebSite","@id":"https:\/\/cretansafari.gr\/#website","url":"https:\/\/cretansafari.gr\/","name":"Cretan Safari","description":"Land Rover Experience Rethymnon","publisher":{"@id":"https:\/\/cretansafari.gr\/#organization"},"potentialAction":[{"@type":"SearchAction","target":{"@type":"EntryPoint","urlTemplate":"https:\/\/cretansafari.gr\/?s={search_term_string}"},"query-input":{"@type":"PropertyValueSpecification","valueRequired":true,"valueName":"search_term_string"}}],"inLanguage":"de"},{"@type":"Organization","@id":"https:\/\/cretansafari.gr\/#organization","name":"Cretan Safari","url":"https:\/\/cretansafari.gr\/","logo":{"@type":"ImageObject","inLanguage":"de","@id":"https:\/\/cretansafari.gr\/#\/schema\/logo\/image\/","url":"https:\/\/cretansafari.gr\/wp-content\/uploads\/2021\/09\/Logocretansafari260.png","contentUrl":"https:\/\/cretansafari.gr\/wp-content\/uploads\/2021\/09\/Logocretansafari260.png","width":301,"height":123,"caption":"Cretan Safari"},"image":{"@id":"https:\/\/cretansafari.gr\/#\/schema\/logo\/image\/"}}]}},"_links":{"self":[{"href":"https:\/\/cretansafari.gr\/de\/wp-json\/wp\/v2\/product\/64145","targetHints":{"allow":["GET"]}}],"collection":[{"href":"https:\/\/cretansafari.gr\/de\/wp-json\/wp\/v2\/product"}],"about":[{"href":"https:\/\/cretansafari.gr\/de\/wp-json\/wp\/v2\/types\/product"}],"replies":[{"embeddable":true,"href":"https:\/\/cretansafari.gr\/de\/wp-json\/wp\/v2\/comments?post=64145"}],"version-history":[{"count":1,"href":"https:\/\/cretansafari.gr\/de\/wp-json\/wp\/v2\/product\/64145\/revisions"}],"predecessor-version":[{"id":64738,"href":"https:\/\/cretansafari.gr\/de\/wp-json\/wp\/v2\/product\/64145\/revisions\/64738"}],"wp:featuredmedia":[{"embeddable":true,"href":"https:\/\/cretansafari.gr\/de\/wp-json\/wp\/v2\/media\/64737"}],"wp:attachment":[{"href":"https:\/\/cretansafari.gr\/de\/wp-json\/wp\/v2\/media?parent=64145"}],"wp:term":[{"taxonomy":"product_brand","embeddable":true,"href":"https:\/\/cretansafari.gr\/de\/wp-json\/wp\/v2\/product_brand?post=64145"},{"taxonomy":"product_cat","embeddable":true,"href":"https:\/\/cretansafari.gr\/de\/wp-json\/wp\/v2\/product_cat?post=64145"},{"taxonomy":"product_tag","embeddable":true,"href":"https:\/\/cretansafari.gr\/de\/wp-json\/wp\/v2\/product_tag?post=64145"}],"curies":[{"name":"wp","href":"https:\/\/api.w.org\/{rel}","templated":true}]}}