{"id":64143,"date":"2025-07-24T07:14:32","date_gmt":"2025-07-24T04:14:32","guid":{"rendered":"https:\/\/cretansafari.gr\/?post_type=product&#038;p=64143"},"modified":"2025-08-20T13:06:03","modified_gmt":"2025-08-20T10:06:03","slug":"psiloritis-safari-tour","status":"publish","type":"product","link":"https:\/\/cretansafari.gr\/de\/tours\/psiloritis\/psiloritis-safari-tour\/","title":{"rendered":"Psiloritis Safari Tour"},"content":{"rendered":"<p>Zuerst tauchen wir in das authentische Ambiente eines traditionellen kretischen Dorfes ein und erleben die gesch\u00e4tzten Br\u00e4uche und die warme Gastfreundschaft, die diese charmante Gemeinschaft pr\u00e4gen. Als N\u00e4chstes f\u00fchrt uns unsere Reise zum atemberaubenden Psiloritis-Berg, wo Sie w\u00e4hrend eines malerischen Fotostopps faszinierende Ausblicke auf die raue Landschaft Kretas einfangen k\u00f6nnen. Weiter geht es zum historischen Kloster Arkadi, einem Symbol der kretischen Widerstandskraft und einem Zeugnis des reichen kulturellen Erbes der Insel. Anschlie\u00dfend machen wir an einem malerischen Damm halt f\u00fcr eine unvergessliche Fotogelegenheit, umgeben von der ruhigen Sch\u00f6nheit der Natur. Genie\u00dfen Sie ein k\u00f6stliches vollst\u00e4ndiges Mittagessen in einer traditionellen Taverne und erleben Sie die herrlichen Aromen der kretischen K\u00fcche in einem charmanten Rahmen. Lassen Sie sich von den nat\u00fcrlichen Wundern der St.-Antonius-Schlucht verzaubern, w\u00e4hrend wir durch ihre atemberaubenden Landschaften und versteckten Sch\u00e4tze wandern. Unser letztes Ziel ist das malerische Dorf Spili, wo Geschichte und Charme zu einem unvergesslichen Abschluss unserer unvergesslichen Reise zusammentreffen. Begleiten Sie uns auf diesem Ausflug und lassen Sie die Sch\u00f6nheit und Kultur Kretas vor Ihren Augen entfalten.<\/p>\n<p style=\"text-align: right;\"><strong>Optionale Eintrittsgeb\u00fchr f\u00fcr das Kloster Arkadi: 4 Euro<\/strong><\/p>\n<p><strong>Includes:<\/strong><\/p>\n<ul>\n<li>Land Rover Defenders\/Discovery<\/li>\n<li>Abholung und R\u00fcckkehr zu Ihrem Hotel<\/li>\n<li>Vollst\u00e4ndiges Abendessen mit kretischem Wein<\/li>\n<li>Spa\u00df und Abenteuer<\/li>\n<\/ul>\n<p>&nbsp;<\/p>\n<p>Dauer (09:00 \u2013 16:00)<\/p>\n<hr \/>\n<p><strong>Highlights<\/strong><\/p>\n<ul>\n<li>Traditionelles Dorf \u2013 Authentisches Ambiente &amp; lokale Kultur<\/li>\n<li>Psiloritis-Berg \u2013 Panorama-Fotostopp<\/li>\n<li>Kloster Arkadi \u2013 Historisches Symbol des kretischen Widerstands (optional)<\/li>\n<li>Taverne-Mittagessen \u2013 Traditionelles kretisches Essen<\/li>\n<li>Staudamm \u2013 Ruhige Natur &amp; Fotostopp<\/li>\n<li>St. Antonios-Schlucht \u2013 Spaziergang durch die Natur<\/li>\n<li>Spili-Dorf \u2013 Ber\u00fchmte L\u00f6wenk\u00f6pfe, Quellwasser, lokales Handwerk<\/li>\n<\/ul>","protected":false},"excerpt":{"rendered":"<p>First, we will immerse ourselves in the authentic ambiance of a traditional Cretan village, experiencing the cherished customs and warm hospitality that define this charming community. Next, our journey will&hellip;<\/p>","protected":false},"featured_media":63838,"comment_status":"closed","ping_status":"closed","template":"","meta":{"_acf_changed":false,"_lmt_disableupdate":"no","_lmt_disable":""},"product_brand":[],"product_cat":[134],"product_tag":[141],"class_list":{"0":"post-64143","1":"product","2":"type-product","3":"status-publish","4":"has-post-thumbnail","6":"product_cat-psiloritis","7":"product_tag-simple","9":"first","10":"instock","11":"sold-individually","12":"shipping-taxable","13":"purchasable","14":"product-type-simple"},"acf":[],"yoast_head":"<!-- This site is optimized with the Yoast SEO plugin v26.0 - https:\/\/yoast.com\/wordpress\/plugins\/seo\/ -->\n<title>Psiloritis Safari Tour - Cretan Safari<\/title>\n<meta name=\"description\" content=\"Psiloritis Safari Tour, we will immerse ourselves in the authentic ambiance of a traditional Cretan village, experiencing the cherished customs and warm hospitality that define this charming community.\" \/>\n<meta name=\"robots\" content=\"index, follow, max-snippet:-1, max-image-preview:large, max-video-preview:-1\" \/>\n<link rel=\"canonical\" href=\"https:\/\/cretansafari.gr\/de\/tours\/psiloritis\/psiloritis-safari-tour\/\" \/>\n<meta property=\"og:locale\" content=\"de_DE\" \/>\n<meta property=\"og:type\" content=\"article\" \/>\n<meta property=\"og:title\" content=\"Psiloritis Safari Tour - Cretan Safari\" \/>\n<meta property=\"og:description\" content=\"Psiloritis Safari Tour, we will immerse ourselves in the authentic ambiance of a traditional Cretan village, experiencing the cherished customs and warm hospitality that define this charming community.\" \/>\n<meta property=\"og:url\" content=\"https:\/\/cretansafari.gr\/de\/tours\/psiloritis\/psiloritis-safari-tour\/\" \/>\n<meta property=\"og:site_name\" content=\"Cretan Safari\" \/>\n<meta property=\"article:modified_time\" content=\"2025-08-20T10:06:03+00:00\" \/>\n<meta property=\"og:image\" content=\"https:\/\/cretansafari.gr\/wp-content\/uploads\/2025\/07\/\u0391\u03bd\u03ce\u03bd\u03c5\u03bc\u03bf-\u03c3\u03c7\u03ad\u03b4\u03b9\u03bf-21.jpg\" \/>\n\t<meta property=\"og:image:width\" content=\"2048\" \/>\n\t<meta property=\"og:image:height\" content=\"1536\" \/>\n\t<meta property=\"og:image:type\" content=\"image\/jpeg\" \/>\n<meta name=\"twitter:card\" content=\"summary_large_image\" \/>\n<meta name=\"twitter:label1\" content=\"Gesch\u00e4tzte Lesezeit\" \/>\n\t<meta name=\"twitter:data1\" content=\"2\u00a0Minuten\" \/>\n<script type=\"application\/ld+json\" class=\"yoast-schema-graph\">{\"@context\":\"https:\/\/schema.org\",\"@graph\":[{\"@type\":\"WebPage\",\"@id\":\"https:\/\/cretansafari.gr\/tours\/psiloritis\/psiloritis-safari-tour\/\",\"url\":\"https:\/\/cretansafari.gr\/tours\/psiloritis\/psiloritis-safari-tour\/\",\"name\":\"Psiloritis Safari Tour - Cretan Safari\",\"isPartOf\":{\"@id\":\"https:\/\/cretansafari.gr\/#website\"},\"primaryImageOfPage\":{\"@id\":\"https:\/\/cretansafari.gr\/tours\/psiloritis\/psiloritis-safari-tour\/#primaryimage\"},\"image\":{\"@id\":\"https:\/\/cretansafari.gr\/tours\/psiloritis\/psiloritis-safari-tour\/#primaryimage\"},\"thumbnailUrl\":\"https:\/\/cretansafari.gr\/wp-content\/uploads\/2025\/07\/\u0391\u03bd\u03ce\u03bd\u03c5\u03bc\u03bf-\u03c3\u03c7\u03ad\u03b4\u03b9\u03bf-21.jpg\",\"datePublished\":\"2025-07-24T04:14:32+00:00\",\"dateModified\":\"2025-08-20T10:06:03+00:00\",\"description\":\"Psiloritis Safari Tour, we will immerse ourselves in the authentic ambiance of a traditional Cretan village, experiencing the cherished customs and warm hospitality that define this charming community.\",\"breadcrumb\":{\"@id\":\"https:\/\/cretansafari.gr\/tours\/psiloritis\/psiloritis-safari-tour\/#breadcrumb\"},\"inLanguage\":\"de\",\"potentialAction\":[{\"@type\":\"ReadAction\",\"target\":[\"https:\/\/cretansafari.gr\/tours\/psiloritis\/psiloritis-safari-tour\/\"]}]},{\"@type\":\"ImageObject\",\"inLanguage\":\"de\",\"@id\":\"https:\/\/cretansafari.gr\/tours\/psiloritis\/psiloritis-safari-tour\/#primaryimage\",\"url\":\"https:\/\/cretansafari.gr\/wp-content\/uploads\/2025\/07\/\u0391\u03bd\u03ce\u03bd\u03c5\u03bc\u03bf-\u03c3\u03c7\u03ad\u03b4\u03b9\u03bf-21.jpg\",\"contentUrl\":\"https:\/\/cretansafari.gr\/wp-content\/uploads\/2025\/07\/\u0391\u03bd\u03ce\u03bd\u03c5\u03bc\u03bf-\u03c3\u03c7\u03ad\u03b4\u03b9\u03bf-21.jpg\",\"width\":2048,\"height\":1536,\"caption\":\"\u0391\u03bd\u03ce\u03bd\u03c5\u03bc\u03bf \u03c3\u03c7\u03ad\u03b4\u03b9\u03bf 21\"},{\"@type\":\"BreadcrumbList\",\"@id\":\"https:\/\/cretansafari.gr\/tours\/psiloritis\/psiloritis-safari-tour\/#breadcrumb\",\"itemListElement\":[{\"@type\":\"ListItem\",\"position\":1,\"name\":\"Home\",\"item\":\"https:\/\/cretansafari.gr\/\"},{\"@type\":\"ListItem\",\"position\":2,\"name\":\"Tours\",\"item\":\"https:\/\/cretansafari.gr\/tours\/\"},{\"@type\":\"ListItem\",\"position\":3,\"name\":\"Psiloritis Safari Tour\"}]},{\"@type\":\"WebSite\",\"@id\":\"https:\/\/cretansafari.gr\/#website\",\"url\":\"https:\/\/cretansafari.gr\/\",\"name\":\"Cretan Safari\",\"description\":\"Land Rover Experience Rethymnon\",\"publisher\":{\"@id\":\"https:\/\/cretansafari.gr\/#organization\"},\"potentialAction\":[{\"@type\":\"SearchAction\",\"target\":{\"@type\":\"EntryPoint\",\"urlTemplate\":\"https:\/\/cretansafari.gr\/?s={search_term_string}\"},\"query-input\":{\"@type\":\"PropertyValueSpecification\",\"valueRequired\":true,\"valueName\":\"search_term_string\"}}],\"inLanguage\":\"de\"},{\"@type\":\"Organization\",\"@id\":\"https:\/\/cretansafari.gr\/#organization\",\"name\":\"Cretan Safari\",\"url\":\"https:\/\/cretansafari.gr\/\",\"logo\":{\"@type\":\"ImageObject\",\"inLanguage\":\"de\",\"@id\":\"https:\/\/cretansafari.gr\/#\/schema\/logo\/image\/\",\"url\":\"https:\/\/cretansafari.gr\/wp-content\/uploads\/2021\/09\/Logocretansafari260.png\",\"contentUrl\":\"https:\/\/cretansafari.gr\/wp-content\/uploads\/2021\/09\/Logocretansafari260.png\",\"width\":301,\"height\":123,\"caption\":\"Cretan Safari\"},\"image\":{\"@id\":\"https:\/\/cretansafari.gr\/#\/schema\/logo\/image\/\"}}]}<\/script>\n<!-- \/ Yoast SEO plugin. -->","yoast_head_json":{"title":"Psiloritis Safari Tour - Cretan Safari","description":"Psiloritis Safari Tour, we will immerse ourselves in the authentic ambiance of a traditional Cretan village, experiencing the cherished customs and warm hospitality that define this charming community.","robots":{"index":"index","follow":"follow","max-snippet":"max-snippet:-1","max-image-preview":"max-image-preview:large","max-video-preview":"max-video-preview:-1"},"canonical":"https:\/\/cretansafari.gr\/de\/tours\/psiloritis\/psiloritis-safari-tour\/","og_locale":"de_DE","og_type":"article","og_title":"Psiloritis Safari Tour - Cretan Safari","og_description":"Psiloritis Safari Tour, we will immerse ourselves in the authentic ambiance of a traditional Cretan village, experiencing the cherished customs and warm hospitality that define this charming community.","og_url":"https:\/\/cretansafari.gr\/de\/tours\/psiloritis\/psiloritis-safari-tour\/","og_site_name":"Cretan Safari","article_modified_time":"2025-08-20T10:06:03+00:00","og_image":[{"width":2048,"height":1536,"url":"https:\/\/cretansafari.gr\/wp-content\/uploads\/2025\/07\/\u0391\u03bd\u03ce\u03bd\u03c5\u03bc\u03bf-\u03c3\u03c7\u03ad\u03b4\u03b9\u03bf-21.jpg","type":"image\/jpeg"}],"twitter_card":"summary_large_image","twitter_misc":{"Gesch\u00e4tzte Lesezeit":"2\u00a0Minuten"},"schema":{"@context":"https:\/\/schema.org","@graph":[{"@type":"WebPage","@id":"https:\/\/cretansafari.gr\/tours\/psiloritis\/psiloritis-safari-tour\/","url":"https:\/\/cretansafari.gr\/tours\/psiloritis\/psiloritis-safari-tour\/","name":"Psiloritis Safari Tour - Cretan Safari","isPartOf":{"@id":"https:\/\/cretansafari.gr\/#website"},"primaryImageOfPage":{"@id":"https:\/\/cretansafari.gr\/tours\/psiloritis\/psiloritis-safari-tour\/#primaryimage"},"image":{"@id":"https:\/\/cretansafari.gr\/tours\/psiloritis\/psiloritis-safari-tour\/#primaryimage"},"thumbnailUrl":"https:\/\/cretansafari.gr\/wp-content\/uploads\/2025\/07\/\u0391\u03bd\u03ce\u03bd\u03c5\u03bc\u03bf-\u03c3\u03c7\u03ad\u03b4\u03b9\u03bf-21.jpg","datePublished":"2025-07-24T04:14:32+00:00","dateModified":"2025-08-20T10:06:03+00:00","description":"Psiloritis Safari Tour, we will immerse ourselves in the authentic ambiance of a traditional Cretan village, experiencing the cherished customs and warm hospitality that define this charming community.","breadcrumb":{"@id":"https:\/\/cretansafari.gr\/tours\/psiloritis\/psiloritis-safari-tour\/#breadcrumb"},"inLanguage":"de","potentialAction":[{"@type":"ReadAction","target":["https:\/\/cretansafari.gr\/tours\/psiloritis\/psiloritis-safari-tour\/"]}]},{"@type":"ImageObject","inLanguage":"de","@id":"https:\/\/cretansafari.gr\/tours\/psiloritis\/psiloritis-safari-tour\/#primaryimage","url":"https:\/\/cretansafari.gr\/wp-content\/uploads\/2025\/07\/\u0391\u03bd\u03ce\u03bd\u03c5\u03bc\u03bf-\u03c3\u03c7\u03ad\u03b4\u03b9\u03bf-21.jpg","contentUrl":"https:\/\/cretansafari.gr\/wp-content\/uploads\/2025\/07\/\u0391\u03bd\u03ce\u03bd\u03c5\u03bc\u03bf-\u03c3\u03c7\u03ad\u03b4\u03b9\u03bf-21.jpg","width":2048,"height":1536,"caption":"\u0391\u03bd\u03ce\u03bd\u03c5\u03bc\u03bf \u03c3\u03c7\u03ad\u03b4\u03b9\u03bf 21"},{"@type":"BreadcrumbList","@id":"https:\/\/cretansafari.gr\/tours\/psiloritis\/psiloritis-safari-tour\/#breadcrumb","itemListElement":[{"@type":"ListItem","position":1,"name":"Home","item":"https:\/\/cretansafari.gr\/"},{"@type":"ListItem","position":2,"name":"Tours","item":"https:\/\/cretansafari.gr\/tours\/"},{"@type":"ListItem","position":3,"name":"Psiloritis Safari Tour"}]},{"@type":"WebSite","@id":"https:\/\/cretansafari.gr\/#website","url":"https:\/\/cretansafari.gr\/","name":"Cretan Safari","description":"Land Rover Experience Rethymnon","publisher":{"@id":"https:\/\/cretansafari.gr\/#organization"},"potentialAction":[{"@type":"SearchAction","target":{"@type":"EntryPoint","urlTemplate":"https:\/\/cretansafari.gr\/?s={search_term_string}"},"query-input":{"@type":"PropertyValueSpecification","valueRequired":true,"valueName":"search_term_string"}}],"inLanguage":"de"},{"@type":"Organization","@id":"https:\/\/cretansafari.gr\/#organization","name":"Cretan Safari","url":"https:\/\/cretansafari.gr\/","logo":{"@type":"ImageObject","inLanguage":"de","@id":"https:\/\/cretansafari.gr\/#\/schema\/logo\/image\/","url":"https:\/\/cretansafari.gr\/wp-content\/uploads\/2021\/09\/Logocretansafari260.png","contentUrl":"https:\/\/cretansafari.gr\/wp-content\/uploads\/2021\/09\/Logocretansafari260.png","width":301,"height":123,"caption":"Cretan Safari"},"image":{"@id":"https:\/\/cretansafari.gr\/#\/schema\/logo\/image\/"}}]}},"_links":{"self":[{"href":"https:\/\/cretansafari.gr\/de\/wp-json\/wp\/v2\/product\/64143","targetHints":{"allow":["GET"]}}],"collection":[{"href":"https:\/\/cretansafari.gr\/de\/wp-json\/wp\/v2\/product"}],"about":[{"href":"https:\/\/cretansafari.gr\/de\/wp-json\/wp\/v2\/types\/product"}],"replies":[{"embeddable":true,"href":"https:\/\/cretansafari.gr\/de\/wp-json\/wp\/v2\/comments?post=64143"}],"version-history":[{"count":1,"href":"https:\/\/cretansafari.gr\/de\/wp-json\/wp\/v2\/product\/64143\/revisions"}],"predecessor-version":[{"id":64740,"href":"https:\/\/cretansafari.gr\/de\/wp-json\/wp\/v2\/product\/64143\/revisions\/64740"}],"wp:featuredmedia":[{"embeddable":true,"href":"https:\/\/cretansafari.gr\/de\/wp-json\/wp\/v2\/media\/63838"}],"wp:attachment":[{"href":"https:\/\/cretansafari.gr\/de\/wp-json\/wp\/v2\/media?parent=64143"}],"wp:term":[{"taxonomy":"product_brand","embeddable":true,"href":"https:\/\/cretansafari.gr\/de\/wp-json\/wp\/v2\/product_brand?post=64143"},{"taxonomy":"product_cat","embeddable":true,"href":"https:\/\/cretansafari.gr\/de\/wp-json\/wp\/v2\/product_cat?post=64143"},{"taxonomy":"product_tag","embeddable":true,"href":"https:\/\/cretansafari.gr\/de\/wp-json\/wp\/v2\/product_tag?post=64143"}],"curies":[{"name":"wp","href":"https:\/\/api.w.org\/{rel}","templated":true}]}}