{"id":64140,"date":"2025-07-24T07:12:06","date_gmt":"2025-07-24T04:12:06","guid":{"rendered":"https:\/\/cretansafari.gr\/?post_type=product&#038;p=64140"},"modified":"2025-08-20T13:06:27","modified_gmt":"2025-08-20T10:06:27","slug":"tripiti-safari-tour","status":"publish","type":"product","link":"https:\/\/cretansafari.gr\/de\/tours\/tripiti\/tripiti-safari-tour\/","title":{"rendered":"Tripiti Safari Tour"},"content":{"rendered":"<p>Unser Abenteuer beginnt am See von Zaros, wo friedliche Gew\u00e4sser und \u00fcppige Umgebung eine ruhige Kulisse f\u00fcr Erkundungen und Entspannung schaffen. Als N\u00e4chstes besuchen wir ein Kafenio, um eine Verkostung lokaler Produkte zu genie\u00dfen und die authentischen Aromen und Traditionen Kretas zu erleben. Machen Sie w\u00e4hrend eines panoramischen Fotostopps atemberaubende Aufnahmen des libyschen Meeres, die einen atemberaubenden Blick auf das kristallklare Wasser und den weiten Horizont bieten. F\u00fcr Naturbegeisterte erwartet Sie ein Besuch in der Schlucht von Tripiti, mit der M\u00f6glichkeit eines 10-min\u00fctigen Spaziergangs in die raue Sch\u00f6nheit der Landschaft. Erfrischen Sie Ihre Vitalit\u00e4t am Strand von Tripiti, wo Sie ein erfrischendes Bad im kristallklaren Wasser genie\u00dfen k\u00f6nnen, gefolgt von einem k\u00f6stlichen vollen Mittagessen mit exquisitem kretischem Wein. Entdecken Sie den einzigartigen Charme einer Kirche, die in einer H\u00f6hle versteckt ist, und erhalten Sie einen Einblick in die spirituelle und historische Bedeutung dieses verborgenen Juwels. Unsere Reise endet mit einem Besuch in einem traditionellen Dorf, wo Sie in die lokale Kultur, Geschichte und die herzliche Gastfreundschaft Kretas eintauchen k\u00f6nnen. Begleiten Sie uns auf diesem bereichernden Ausflug, um die Magie der kretischen Landschaften, Aromen und Traditionen zu erleben. Bereiten Sie sich auf einen Tag voller unvergesslicher Momente und kostbarer Erinnerungen vor.<\/p>\n<p><strong>Includes:<\/strong><\/p>\n<ul>\n<li>Land Rover Defenders\/Discovery und Mercedes 4x4<\/li>\n<li>Abholung und R\u00fcckkehr zu Ihrem Hotel<\/li>\n<li>Vollst\u00e4ndiges Mittagessen mit kretischem Wein<\/li>\n<li>Spa\u00df und Abenteuer<\/li>\n<\/ul>\n<p>Dauer (09:00 \u2013 16:00)<\/p>\n<hr \/>\n<p><strong>Highlights<\/strong><\/p>\n<ul>\n<li>Zaros-See \u2013 Ruhiger See inmitten gr\u00fcner Natur<\/li>\n<li>Traditionelles Kafenio \u2013 Lokale Produkte probieren &amp; Dorfleben erleben<\/li>\n<li>Aussicht auf das Lybische Meer \u2013 Panorama-Fotostopp<\/li>\n<li>Tripiti-Schlucht \u2013 10-min\u00fctiger Naturspaziergang (optional)<\/li>\n<li>Tripiti-Strand \u2013 1 Stunde Schwimmen &amp; Entspannen<\/li>\n<li>Taverne \u2013 Mittagessen mit kretischem Wein<\/li>\n<li>H\u00f6hlenkirche \u2013 Spiritueller &amp; geschichtlicher Halt<\/li>\n<li>Monast\u00e8re d\u2019Arkadi \u2013 Site culturel (optionnel)<\/li>\n<li>Dorfbesuch \u2013 Lokale Kultur, Geschichte &amp; Gastfreundschaft<\/li>\n<\/ul>","protected":false},"excerpt":{"rendered":"<p>Our adventure begins at the Lake of Zaros, where peaceful waters and lush surroundings create a serene setting for exploration and relaxation. Next, we&#8217;ll visit a kafenio to enjoy a&hellip;<\/p>","protected":false},"featured_media":63854,"comment_status":"closed","ping_status":"closed","template":"","meta":{"_acf_changed":false,"_lmt_disableupdate":"no","_lmt_disable":""},"product_brand":[],"product_cat":[137],"product_tag":[141],"class_list":{"0":"post-64140","1":"product","2":"type-product","3":"status-publish","4":"has-post-thumbnail","6":"product_cat-tripiti","7":"product_tag-simple","9":"first","10":"instock","11":"sold-individually","12":"shipping-taxable","13":"purchasable","14":"product-type-simple"},"acf":[],"yoast_head":"<!-- This site is optimized with the Yoast SEO plugin v26.0 - https:\/\/yoast.com\/wordpress\/plugins\/seo\/ -->\n<title>Tripiti Safari Tour - Cretan Safari<\/title>\n<meta name=\"description\" content=\"Our adventure begins at the Lake of Zaros, where peaceful waters and lush surroundings create a serene setting for exploration and relaxation. Next, we&#039;ll visit a kafenio to enjoy a tasting of local products, experiencing the authentic flavors and traditions of Crete\" \/>\n<meta name=\"robots\" content=\"index, follow, max-snippet:-1, max-image-preview:large, max-video-preview:-1\" \/>\n<link rel=\"canonical\" href=\"https:\/\/cretansafari.gr\/de\/tours\/tripiti\/tripiti-safari-tour\/\" \/>\n<meta property=\"og:locale\" content=\"de_DE\" \/>\n<meta property=\"og:type\" content=\"article\" \/>\n<meta property=\"og:title\" content=\"Tripiti Safari Tour - Cretan Safari\" \/>\n<meta property=\"og:description\" content=\"Our adventure begins at the Lake of Zaros, where peaceful waters and lush surroundings create a serene setting for exploration and relaxation. Next, we&#039;ll visit a kafenio to enjoy a tasting of local products, experiencing the authentic flavors and traditions of Crete\" \/>\n<meta property=\"og:url\" content=\"https:\/\/cretansafari.gr\/de\/tours\/tripiti\/tripiti-safari-tour\/\" \/>\n<meta property=\"og:site_name\" content=\"Cretan Safari\" \/>\n<meta property=\"article:modified_time\" content=\"2025-08-20T10:06:27+00:00\" \/>\n<meta property=\"og:image\" content=\"https:\/\/cretansafari.gr\/wp-content\/uploads\/2025\/07\/fghfgt.jpg\" \/>\n\t<meta property=\"og:image:width\" content=\"2048\" \/>\n\t<meta property=\"og:image:height\" content=\"1536\" \/>\n\t<meta property=\"og:image:type\" content=\"image\/jpeg\" \/>\n<meta name=\"twitter:card\" content=\"summary_large_image\" \/>\n<meta name=\"twitter:label1\" content=\"Gesch\u00e4tzte Lesezeit\" \/>\n\t<meta name=\"twitter:data1\" content=\"2\u00a0Minuten\" \/>\n<script type=\"application\/ld+json\" class=\"yoast-schema-graph\">{\"@context\":\"https:\/\/schema.org\",\"@graph\":[{\"@type\":\"WebPage\",\"@id\":\"https:\/\/cretansafari.gr\/tours\/tripiti\/tripiti-safari-tour\/\",\"url\":\"https:\/\/cretansafari.gr\/tours\/tripiti\/tripiti-safari-tour\/\",\"name\":\"Tripiti Safari Tour - Cretan Safari\",\"isPartOf\":{\"@id\":\"https:\/\/cretansafari.gr\/#website\"},\"primaryImageOfPage\":{\"@id\":\"https:\/\/cretansafari.gr\/tours\/tripiti\/tripiti-safari-tour\/#primaryimage\"},\"image\":{\"@id\":\"https:\/\/cretansafari.gr\/tours\/tripiti\/tripiti-safari-tour\/#primaryimage\"},\"thumbnailUrl\":\"https:\/\/cretansafari.gr\/wp-content\/uploads\/2025\/07\/fghfgt.jpg\",\"datePublished\":\"2025-07-24T04:12:06+00:00\",\"dateModified\":\"2025-08-20T10:06:27+00:00\",\"description\":\"Our adventure begins at the Lake of Zaros, where peaceful waters and lush surroundings create a serene setting for exploration and relaxation. Next, we'll visit a kafenio to enjoy a tasting of local products, experiencing the authentic flavors and traditions of Crete\",\"breadcrumb\":{\"@id\":\"https:\/\/cretansafari.gr\/tours\/tripiti\/tripiti-safari-tour\/#breadcrumb\"},\"inLanguage\":\"de\",\"potentialAction\":[{\"@type\":\"ReadAction\",\"target\":[\"https:\/\/cretansafari.gr\/tours\/tripiti\/tripiti-safari-tour\/\"]}]},{\"@type\":\"ImageObject\",\"inLanguage\":\"de\",\"@id\":\"https:\/\/cretansafari.gr\/tours\/tripiti\/tripiti-safari-tour\/#primaryimage\",\"url\":\"https:\/\/cretansafari.gr\/wp-content\/uploads\/2025\/07\/fghfgt.jpg\",\"contentUrl\":\"https:\/\/cretansafari.gr\/wp-content\/uploads\/2025\/07\/fghfgt.jpg\",\"width\":2048,\"height\":1536,\"caption\":\"fghfgt\"},{\"@type\":\"BreadcrumbList\",\"@id\":\"https:\/\/cretansafari.gr\/tours\/tripiti\/tripiti-safari-tour\/#breadcrumb\",\"itemListElement\":[{\"@type\":\"ListItem\",\"position\":1,\"name\":\"Home\",\"item\":\"https:\/\/cretansafari.gr\/\"},{\"@type\":\"ListItem\",\"position\":2,\"name\":\"Tours\",\"item\":\"https:\/\/cretansafari.gr\/tours\/\"},{\"@type\":\"ListItem\",\"position\":3,\"name\":\"Tripiti Safari Tour\"}]},{\"@type\":\"WebSite\",\"@id\":\"https:\/\/cretansafari.gr\/#website\",\"url\":\"https:\/\/cretansafari.gr\/\",\"name\":\"Cretan Safari\",\"description\":\"Land Rover Experience Rethymnon\",\"publisher\":{\"@id\":\"https:\/\/cretansafari.gr\/#organization\"},\"potentialAction\":[{\"@type\":\"SearchAction\",\"target\":{\"@type\":\"EntryPoint\",\"urlTemplate\":\"https:\/\/cretansafari.gr\/?s={search_term_string}\"},\"query-input\":{\"@type\":\"PropertyValueSpecification\",\"valueRequired\":true,\"valueName\":\"search_term_string\"}}],\"inLanguage\":\"de\"},{\"@type\":\"Organization\",\"@id\":\"https:\/\/cretansafari.gr\/#organization\",\"name\":\"Cretan Safari\",\"url\":\"https:\/\/cretansafari.gr\/\",\"logo\":{\"@type\":\"ImageObject\",\"inLanguage\":\"de\",\"@id\":\"https:\/\/cretansafari.gr\/#\/schema\/logo\/image\/\",\"url\":\"https:\/\/cretansafari.gr\/wp-content\/uploads\/2021\/09\/Logocretansafari260.png\",\"contentUrl\":\"https:\/\/cretansafari.gr\/wp-content\/uploads\/2021\/09\/Logocretansafari260.png\",\"width\":301,\"height\":123,\"caption\":\"Cretan Safari\"},\"image\":{\"@id\":\"https:\/\/cretansafari.gr\/#\/schema\/logo\/image\/\"}}]}<\/script>\n<!-- \/ Yoast SEO plugin. -->","yoast_head_json":{"title":"Tripiti Safari Tour - Cretan Safari","description":"Our adventure begins at the Lake of Zaros, where peaceful waters and lush surroundings create a serene setting for exploration and relaxation. Next, we'll visit a kafenio to enjoy a tasting of local products, experiencing the authentic flavors and traditions of Crete","robots":{"index":"index","follow":"follow","max-snippet":"max-snippet:-1","max-image-preview":"max-image-preview:large","max-video-preview":"max-video-preview:-1"},"canonical":"https:\/\/cretansafari.gr\/de\/tours\/tripiti\/tripiti-safari-tour\/","og_locale":"de_DE","og_type":"article","og_title":"Tripiti Safari Tour - Cretan Safari","og_description":"Our adventure begins at the Lake of Zaros, where peaceful waters and lush surroundings create a serene setting for exploration and relaxation. Next, we'll visit a kafenio to enjoy a tasting of local products, experiencing the authentic flavors and traditions of Crete","og_url":"https:\/\/cretansafari.gr\/de\/tours\/tripiti\/tripiti-safari-tour\/","og_site_name":"Cretan Safari","article_modified_time":"2025-08-20T10:06:27+00:00","og_image":[{"width":2048,"height":1536,"url":"https:\/\/cretansafari.gr\/wp-content\/uploads\/2025\/07\/fghfgt.jpg","type":"image\/jpeg"}],"twitter_card":"summary_large_image","twitter_misc":{"Gesch\u00e4tzte Lesezeit":"2\u00a0Minuten"},"schema":{"@context":"https:\/\/schema.org","@graph":[{"@type":"WebPage","@id":"https:\/\/cretansafari.gr\/tours\/tripiti\/tripiti-safari-tour\/","url":"https:\/\/cretansafari.gr\/tours\/tripiti\/tripiti-safari-tour\/","name":"Tripiti Safari Tour - Cretan Safari","isPartOf":{"@id":"https:\/\/cretansafari.gr\/#website"},"primaryImageOfPage":{"@id":"https:\/\/cretansafari.gr\/tours\/tripiti\/tripiti-safari-tour\/#primaryimage"},"image":{"@id":"https:\/\/cretansafari.gr\/tours\/tripiti\/tripiti-safari-tour\/#primaryimage"},"thumbnailUrl":"https:\/\/cretansafari.gr\/wp-content\/uploads\/2025\/07\/fghfgt.jpg","datePublished":"2025-07-24T04:12:06+00:00","dateModified":"2025-08-20T10:06:27+00:00","description":"Our adventure begins at the Lake of Zaros, where peaceful waters and lush surroundings create a serene setting for exploration and relaxation. Next, we'll visit a kafenio to enjoy a tasting of local products, experiencing the authentic flavors and traditions of Crete","breadcrumb":{"@id":"https:\/\/cretansafari.gr\/tours\/tripiti\/tripiti-safari-tour\/#breadcrumb"},"inLanguage":"de","potentialAction":[{"@type":"ReadAction","target":["https:\/\/cretansafari.gr\/tours\/tripiti\/tripiti-safari-tour\/"]}]},{"@type":"ImageObject","inLanguage":"de","@id":"https:\/\/cretansafari.gr\/tours\/tripiti\/tripiti-safari-tour\/#primaryimage","url":"https:\/\/cretansafari.gr\/wp-content\/uploads\/2025\/07\/fghfgt.jpg","contentUrl":"https:\/\/cretansafari.gr\/wp-content\/uploads\/2025\/07\/fghfgt.jpg","width":2048,"height":1536,"caption":"fghfgt"},{"@type":"BreadcrumbList","@id":"https:\/\/cretansafari.gr\/tours\/tripiti\/tripiti-safari-tour\/#breadcrumb","itemListElement":[{"@type":"ListItem","position":1,"name":"Home","item":"https:\/\/cretansafari.gr\/"},{"@type":"ListItem","position":2,"name":"Tours","item":"https:\/\/cretansafari.gr\/tours\/"},{"@type":"ListItem","position":3,"name":"Tripiti Safari Tour"}]},{"@type":"WebSite","@id":"https:\/\/cretansafari.gr\/#website","url":"https:\/\/cretansafari.gr\/","name":"Cretan Safari","description":"Land Rover Experience Rethymnon","publisher":{"@id":"https:\/\/cretansafari.gr\/#organization"},"potentialAction":[{"@type":"SearchAction","target":{"@type":"EntryPoint","urlTemplate":"https:\/\/cretansafari.gr\/?s={search_term_string}"},"query-input":{"@type":"PropertyValueSpecification","valueRequired":true,"valueName":"search_term_string"}}],"inLanguage":"de"},{"@type":"Organization","@id":"https:\/\/cretansafari.gr\/#organization","name":"Cretan Safari","url":"https:\/\/cretansafari.gr\/","logo":{"@type":"ImageObject","inLanguage":"de","@id":"https:\/\/cretansafari.gr\/#\/schema\/logo\/image\/","url":"https:\/\/cretansafari.gr\/wp-content\/uploads\/2021\/09\/Logocretansafari260.png","contentUrl":"https:\/\/cretansafari.gr\/wp-content\/uploads\/2021\/09\/Logocretansafari260.png","width":301,"height":123,"caption":"Cretan Safari"},"image":{"@id":"https:\/\/cretansafari.gr\/#\/schema\/logo\/image\/"}}]}},"_links":{"self":[{"href":"https:\/\/cretansafari.gr\/de\/wp-json\/wp\/v2\/product\/64140","targetHints":{"allow":["GET"]}}],"collection":[{"href":"https:\/\/cretansafari.gr\/de\/wp-json\/wp\/v2\/product"}],"about":[{"href":"https:\/\/cretansafari.gr\/de\/wp-json\/wp\/v2\/types\/product"}],"replies":[{"embeddable":true,"href":"https:\/\/cretansafari.gr\/de\/wp-json\/wp\/v2\/comments?post=64140"}],"version-history":[{"count":1,"href":"https:\/\/cretansafari.gr\/de\/wp-json\/wp\/v2\/product\/64140\/revisions"}],"predecessor-version":[{"id":64741,"href":"https:\/\/cretansafari.gr\/de\/wp-json\/wp\/v2\/product\/64140\/revisions\/64741"}],"wp:featuredmedia":[{"embeddable":true,"href":"https:\/\/cretansafari.gr\/de\/wp-json\/wp\/v2\/media\/63854"}],"wp:attachment":[{"href":"https:\/\/cretansafari.gr\/de\/wp-json\/wp\/v2\/media?parent=64140"}],"wp:term":[{"taxonomy":"product_brand","embeddable":true,"href":"https:\/\/cretansafari.gr\/de\/wp-json\/wp\/v2\/product_brand?post=64140"},{"taxonomy":"product_cat","embeddable":true,"href":"https:\/\/cretansafari.gr\/de\/wp-json\/wp\/v2\/product_cat?post=64140"},{"taxonomy":"product_tag","embeddable":true,"href":"https:\/\/cretansafari.gr\/de\/wp-json\/wp\/v2\/product_tag?post=64140"}],"curies":[{"name":"wp","href":"https:\/\/api.w.org\/{rel}","templated":true}]}}